{"id":832,"date":"2017-02-13T12:25:32","date_gmt":"2017-02-13T11:25:32","guid":{"rendered":"http:\/\/arial-industries.com\/?page_id=832"},"modified":"2019-06-20T20:56:26","modified_gmt":"2019-06-20T18:56:26","slug":"politique-rh","status":"publish","type":"page","link":"https:\/\/arial-industries.com\/index.php\/politique-rh","title":{"rendered":"Politique RH"},"content":{"rendered":"<p><div class=\"fusion-fullwidth fullwidth-box fusion-builder-row-1 nonhundred-percent-fullwidth non-hundred-percent-height-scrolling\" style=\"--awb-border-radius-top-left:0px;--awb-border-radius-top-right:0px;--awb-border-radius-bottom-right:0px;--awb-border-radius-bottom-left:0px;--awb-flex-wrap:wrap;\" ><div class=\"fusion-builder-row fusion-row\"><div class=\"fusion-layout-column fusion_builder_column fusion-builder-column-0 fusion_builder_column_1_1 1_1 fusion-one-full fusion-column-first fusion-column-last\" style=\"--awb-bg-size:cover;\"><div class=\"fusion-column-wrapper fusion-column-has-shadow fusion-flex-column-wrapper-legacy\"><div class=\"fusion-title title fusion-title-1 fusion-sep-none fusion-title-center fusion-title-text fusion-title-size-two\"><h2 class=\"fusion-title-heading title-heading-center fusion-responsive-typography-calculated\" style=\"margin:0;--fontSize:48;line-height:1.25;\">L\u2019humain au c\u0153ur de toute chose<\/h2><\/div><div class=\"fusion-clearfix\"><\/div><\/div><\/div><\/div><\/div><div class=\"fusion-fullwidth fullwidth-box fusion-builder-row-2 nonhundred-percent-fullwidth non-hundred-percent-height-scrolling\" style=\"--awb-border-radius-top-left:0px;--awb-border-radius-top-right:0px;--awb-border-radius-bottom-right:0px;--awb-border-radius-bottom-left:0px;--awb-padding-top:20px;--awb-padding-bottom:20px;--awb-flex-wrap:wrap;\" ><div class=\"fusion-builder-row fusion-row\"><div class=\"fusion-layout-column fusion_builder_column fusion-builder-column-1 fusion_builder_column_1_1 1_1 fusion-one-full fusion-column-first fusion-column-last\" style=\"--awb-bg-size:cover;\"><div class=\"fusion-column-wrapper fusion-flex-column-wrapper-legacy\"><div class=\"fusion-text fusion-text-1\"><p style=\"text-align: justify;\"><span style=\"color: #1e69b2;\">Notre politique RH est construite autour d\u2019un ma\u00eetre mot\u00a0: <strong>l\u2019Humain<\/strong>.<br \/>\n<\/span><span style=\"color: #1e69b2;\">D\u00e8s votre int\u00e9gration, nous souhaitons faire votre connaissance, afin de d\u00e9couvrir votre personnalit\u00e9 et d\u2019identifier vos aspirations et motivations. Ainsi, nous pouvons construire ensemble, un projet professionnel qui vous correspond.<br \/>\n<\/span><span style=\"color: #1e69b2;\">Nous veillons ensuite, tout au long de notre collaboration, \u00e0 rester \u00e0 votre \u00e9coute pour vous accompagner au mieux dans votre \u00e9volution professionnelle. Cela passe par un support RH de proximit\u00e9, relayant\u00a0 nos deux priorit\u00e9s\u00a0:<\/span><\/p>\n<\/div><div class=\"fusion-clearfix\"><\/div><\/div><\/div><\/div><\/div><div class=\"fusion-fullwidth fullwidth-box fusion-builder-row-3 hundred-percent-fullwidth non-hundred-percent-height-scrolling\" style=\"--awb-border-radius-top-left:0px;--awb-border-radius-top-right:0px;--awb-border-radius-bottom-right:0px;--awb-border-radius-bottom-left:0px;--awb-padding-top:20px;--awb-padding-bottom:20px;--awb-flex-wrap:wrap;\" ><div class=\"fusion-builder-row fusion-row\"><div class=\"fusion-layout-column fusion_builder_column fusion-builder-column-2 fusion_builder_column_1_2 1_2 fusion-one-half fusion-column-first\" style=\"--awb-bg-size:cover;width:50%;width:calc(50% - ( ( 4% ) * 0.5 ) );margin-right: 4%;\"><div class=\"fusion-column-wrapper fusion-flex-column-wrapper-legacy\"><div class=\"fusion-text fusion-text-2\"><h4 style=\"text-align: justify;\"><strong>La formation :<\/strong><\/h4>\n<p style=\"text-align: justify;\"><span style=\"color: #1e69b2;\">Arial Industries privil\u00e9gie le recrutement de collaborateurs capables de s\u2019adapter aux nouvelles technologies. Pour ce faire, notre priorit\u00e9 est de vous apporter les outils et les m\u00e9thodes n\u00e9cessaires \u00e0 la r\u00e9alisation de vos projets, par le biais de formations adapt\u00e9es.<\/span><br \/>\n<span style=\"color: #1e69b2;\">Arial s\u2019adapte ainsi \u00e0 la mutation de ses m\u00e9tiers et affirme une politique de d\u00e9veloppement des ressources humaines par la formation des nouveaux entrants et l\u2019adaptation aux postes n\u00e9cessit\u00e9s par les nouveaux outils programme<br \/>\n<\/span><span style=\"color: #1e69b2;\">La capitalisation de nos exp\u00e9riences nous ont permis d\u2019obtenir l\u2019agr\u00e9ment de centre de formation certifi\u00e9.<\/span><\/p>\n<\/div><div class=\"fusion-clearfix\"><\/div><\/div><\/div><div class=\"fusion-layout-column fusion_builder_column fusion-builder-column-3 fusion_builder_column_1_2 1_2 fusion-one-half fusion-column-last\" style=\"--awb-bg-size:cover;width:50%;width:calc(50% - ( ( 4% ) * 0.5 ) );\"><div class=\"fusion-column-wrapper fusion-flex-column-wrapper-legacy\"><div class=\"fusion-text fusion-text-3\"><h4 style=\"text-align: justify;\"><strong>Le parcours professionnel :<\/strong><\/h4>\n<p style=\"text-align: justify;\"><span style=\"color: #1e69b2;\">D\u00e9velopper et valoriser vos comp\u00e9tences, c\u2019est assurer votre progression et vous offrir\u00a0 un parcours professionnel motivant, source d\u2019implication dans votre travail et d\u2019un accompagnement toujours plus performant de nos clients.<br \/>\n<\/span><span style=\"color: #1e69b2;\">Chez Arial Industries, l\u2019entretien annuel est un moment de partage privil\u00e9gi\u00e9, indispensable pour pr\u00e9parer ensemble votre parcours professionnel. C\u2019est l\u2019occasion de faire le point sur l\u2019ann\u00e9e \u00e9coul\u00e9e,\u00a0 de recueillir votre ressenti sur les missions r\u00e9alis\u00e9es et d\u2019envisager les perspectives d\u2019avenir. Notre but est de mettre en ad\u00e9quation vos souhaits d\u2019\u00e9volution et nos besoins en comp\u00e9tences.<br \/>\n<\/span><span style=\"color: #1e69b2;\">Au-del\u00e0 de ces rencontres, nous restons \u00e0 l\u2019\u00e9coute et disponibles pour des entretiens plus informels.<\/span><\/p>\n<\/div><div class=\"fusion-clearfix\"><\/div><\/div><\/div><\/div><\/div><\/p>\n","protected":false},"excerpt":{"rendered":"","protected":false},"author":1,"featured_media":0,"parent":0,"menu_order":0,"comment_status":"closed","ping_status":"closed","template":"","meta":[],"_links":{"self":[{"href":"https:\/\/arial-industries.com\/index.php\/wp-json\/wp\/v2\/pages\/832"}],"collection":[{"href":"https:\/\/arial-industries.com\/index.php\/wp-json\/wp\/v2\/pages"}],"about":[{"href":"https:\/\/arial-industries.com\/index.php\/wp-json\/wp\/v2\/types\/page"}],"author":[{"embeddable":true,"href":"https:\/\/arial-industries.com\/index.php\/wp-json\/wp\/v2\/users\/1"}],"replies":[{"embeddable":true,"href":"https:\/\/arial-industries.com\/index.php\/wp-json\/wp\/v2\/comments?post=832"}],"version-history":[{"count":11,"href":"https:\/\/arial-industries.com\/index.php\/wp-json\/wp\/v2\/pages\/832\/revisions"}],"predecessor-version":[{"id":2270,"href":"https:\/\/arial-industries.com\/index.php\/wp-json\/wp\/v2\/pages\/832\/revisions\/2270"}],"wp:attachment":[{"href":"https:\/\/arial-industries.com\/index.php\/wp-json\/wp\/v2\/media?parent=832"}],"curies":[{"name":"wp","href":"https:\/\/api.w.org\/{rel}","templated":true}]}}