{"id":828,"date":"2017-02-13T12:25:34","date_gmt":"2017-02-13T11:25:34","guid":{"rendered":"http:\/\/arial-industries.com\/?page_id=828"},"modified":"2019-06-21T12:35:04","modified_gmt":"2019-06-21T10:35:04","slug":"presentation","status":"publish","type":"page","link":"https:\/\/arial-industries.com\/index.php\/presentation","title":{"rendered":"Pr\u00e9sentation"},"content":{"rendered":"<p><div class=\"fusion-fullwidth fullwidth-box fusion-builder-row-1 nonhundred-percent-fullwidth non-hundred-percent-height-scrolling\" style=\"--awb-border-radius-top-left:0px;--awb-border-radius-top-right:0px;--awb-border-radius-bottom-right:0px;--awb-border-radius-bottom-left:0px;--awb-flex-wrap:wrap;\" ><div class=\"fusion-builder-row fusion-row\"><div class=\"fusion-layout-column fusion_builder_column fusion-builder-column-0 fusion_builder_column_1_1 1_1 fusion-one-full fusion-column-first fusion-column-last\" style=\"--awb-bg-size:cover;\"><div class=\"fusion-column-wrapper fusion-column-has-shadow fusion-flex-column-wrapper-legacy\"><div class=\"fusion-title title fusion-title-1 fusion-sep-none fusion-title-center fusion-title-text fusion-title-size-two\"><h2 class=\"fusion-title-heading title-heading-center fusion-responsive-typography-calculated\" style=\"margin:0;--fontSize:48;line-height:1.25;\">Pr\u00e9sentation d\u2019Arial Industries<\/h2><\/div><div class=\"fusion-clearfix\"><\/div><\/div><\/div><\/div><\/div><div class=\"fusion-fullwidth fullwidth-box fusion-builder-row-2 nonhundred-percent-fullwidth non-hundred-percent-height-scrolling fusion-equal-height-columns\" style=\"--awb-border-radius-top-left:0px;--awb-border-radius-top-right:0px;--awb-border-radius-bottom-right:0px;--awb-border-radius-bottom-left:0px;--awb-padding-top:20px;--awb-padding-bottom:20px;--awb-flex-wrap:wrap;\" ><div class=\"fusion-builder-row fusion-row\"><div class=\"fusion-layout-column fusion_builder_column fusion-builder-column-1 fusion_builder_column_1_3 1_3 fusion-one-third fusion-column-first\" style=\"--awb-padding-top:3px;--awb-padding-right:30px;--awb-padding-bottom:3px;--awb-padding-left:30px;--awb-bg-size:cover;width:33.333333333333%;width:calc(33.333333333333% - ( ( 4% ) * 0.33333333333333 ) );margin-right: 4%;\"><div class=\"fusion-column-wrapper fusion-flex-column-wrapper-legacy\"><div class=\"fusion-column-content-centered\"><div class=\"fusion-column-content\"><div class=\"fusion-image-element fusion-image-align-center in-legacy-container\" style=\"text-align:center;--awb-caption-title-font-family:var(--h2_typography-font-family);--awb-caption-title-font-weight:var(--h2_typography-font-weight);--awb-caption-title-font-style:var(--h2_typography-font-style);--awb-caption-title-size:var(--h2_typography-font-size);--awb-caption-title-transform:var(--h2_typography-text-transform);--awb-caption-title-line-height:var(--h2_typography-line-height);--awb-caption-title-letter-spacing:var(--h2_typography-letter-spacing);\"><div class=\"imageframe-align-center\"><span class=\" fusion-imageframe imageframe-none imageframe-1 hover-type-none\"><img decoding=\"async\" width=\"300\" height=\"214\" title=\"LOGO-ARIAL-NEW-300&#215;214\" src=\"http:\/\/arial-industries.com\/wp-content\/uploads\/2019\/06\/LOGO-ARIAL-NEW-300x214-300x214.png\" alt class=\"img-responsive wp-image-2293\"\/><\/span><\/div><\/div><div class=\"fusion-title title fusion-title-2 fusion-sep-none fusion-title-text fusion-title-size-one\"><h1 class=\"fusion-title-heading title-heading-left fusion-responsive-typography-calculated\" style=\"margin:0;--fontSize:60;line-height:1.33;\"><h3 style=\"text-align: center;\"><span style=\"color: #1e69b2;\"> Arial Industries<\/span><\/h3><\/h1><\/div><\/div><\/div><div class=\"fusion-clearfix\"><\/div><\/div><\/div><div class=\"fusion-layout-column fusion_builder_column fusion-builder-column-2 fusion_builder_column_2_3 2_3 fusion-two-third fusion-column-last\" style=\"--awb-bg-size:cover;width:66.666666666667%;width:calc(66.666666666667% - ( ( 4% ) * 0.66666666666667 ) );\"><div class=\"fusion-column-wrapper fusion-flex-column-wrapper-legacy\"><div class=\"fusion-text fusion-text-1\"><p class=\"x_MsoNormal\" style=\"text-align: justify;\"><span style=\"color: #1e69b2;\">Depuis notre cr\u00e9ation en 2001, nous avons r\u00e9alis\u00e9 plus de 2.5 millions d\u2019heures d\u2019\u00e9tudes pour nos clients. Notre ambition est de couvrir l\u2019ensemble du cycle de vie des produits depuis la pr\u00e9-\u00e9tude, jusqu\u2019\u00e0 la mise en service et maintenance des \u00e9quipements.<br \/>\nNos services sont reconnus par les fabricants et constructeurs a\u00e9ronautiques, spatiaux, de l\u2019\u00e9nergie et des transports.<br \/>\nNotre culture repose sur l\u2019exigence technique, la flexibilit\u00e9 et la performance \u00e9conomique. La s\u00e9curit\u00e9 et la qualit\u00e9, notre engagement.<\/span><\/p>\n<\/div><div class=\"fusion-clearfix\"><\/div><\/div><\/div><\/div><\/div><div class=\"fusion-fullwidth fullwidth-box fusion-builder-row-3 hundred-percent-fullwidth non-hundred-percent-height-scrolling fusion-equal-height-columns\" style=\"--awb-border-radius-top-left:0px;--awb-border-radius-top-right:0px;--awb-border-radius-bottom-right:0px;--awb-border-radius-bottom-left:0px;--awb-flex-wrap:wrap;\" ><div class=\"fusion-builder-row fusion-row\"><div class=\"fusion-layout-column fusion_builder_column fusion-builder-column-3 fusion_builder_column_1_1 1_1 fusion-one-full fusion-column-first fusion-column-last\" style=\"--awb-bg-size:cover;\"><div class=\"fusion-column-wrapper fusion-flex-column-wrapper-legacy\"><div class=\"fusion-image-element fusion-image-align-center in-legacy-container\" style=\"text-align:center;--awb-caption-title-font-family:var(--h2_typography-font-family);--awb-caption-title-font-weight:var(--h2_typography-font-weight);--awb-caption-title-font-style:var(--h2_typography-font-style);--awb-caption-title-size:var(--h2_typography-font-size);--awb-caption-title-transform:var(--h2_typography-text-transform);--awb-caption-title-line-height:var(--h2_typography-line-height);--awb-caption-title-letter-spacing:var(--h2_typography-letter-spacing);\"><div class=\"imageframe-align-center\"><span class=\" fusion-imageframe imageframe-dropshadow imageframe-2 hover-type-none\" style=\"-webkit-box-shadow: 3px 3px 7px rgba(0,0,0,0.3);box-shadow: 3px 3px 7px rgba(0,0,0,0.3);\"><img decoding=\"async\" width=\"2000\" height=\"1304\" title=\"carte-de-Franceweb\" src=\"http:\/\/arial-industries.com\/wp-content\/uploads\/2017\/02\/carte-de-Franceweb.jpg\" alt class=\"img-responsive wp-image-1359\" srcset=\"https:\/\/arial-industries.com\/wp-content\/uploads\/2017\/02\/carte-de-Franceweb-200x130.jpg 200w, https:\/\/arial-industries.com\/wp-content\/uploads\/2017\/02\/carte-de-Franceweb-400x261.jpg 400w, https:\/\/arial-industries.com\/wp-content\/uploads\/2017\/02\/carte-de-Franceweb-600x391.jpg 600w, https:\/\/arial-industries.com\/wp-content\/uploads\/2017\/02\/carte-de-Franceweb-800x522.jpg 800w, https:\/\/arial-industries.com\/wp-content\/uploads\/2017\/02\/carte-de-Franceweb-1200x782.jpg 1200w, https:\/\/arial-industries.com\/wp-content\/uploads\/2017\/02\/carte-de-Franceweb.jpg 2000w\" sizes=\"(max-width: 800px) 100vw, 2000px\" \/><\/span><\/div><\/div><div class=\"fusion-clearfix\"><\/div><\/div><\/div><\/div><\/div><\/p>\n","protected":false},"excerpt":{"rendered":"","protected":false},"author":1,"featured_media":0,"parent":0,"menu_order":0,"comment_status":"closed","ping_status":"closed","template":"100-width.php","meta":[],"_links":{"self":[{"href":"https:\/\/arial-industries.com\/index.php\/wp-json\/wp\/v2\/pages\/828"}],"collection":[{"href":"https:\/\/arial-industries.com\/index.php\/wp-json\/wp\/v2\/pages"}],"about":[{"href":"https:\/\/arial-industries.com\/index.php\/wp-json\/wp\/v2\/types\/page"}],"author":[{"embeddable":true,"href":"https:\/\/arial-industries.com\/index.php\/wp-json\/wp\/v2\/users\/1"}],"replies":[{"embeddable":true,"href":"https:\/\/arial-industries.com\/index.php\/wp-json\/wp\/v2\/comments?post=828"}],"version-history":[{"count":24,"href":"https:\/\/arial-industries.com\/index.php\/wp-json\/wp\/v2\/pages\/828\/revisions"}],"predecessor-version":[{"id":2294,"href":"https:\/\/arial-industries.com\/index.php\/wp-json\/wp\/v2\/pages\/828\/revisions\/2294"}],"wp:attachment":[{"href":"https:\/\/arial-industries.com\/index.php\/wp-json\/wp\/v2\/media?parent=828"}],"curies":[{"name":"wp","href":"https:\/\/api.w.org\/{rel}","templated":true}]}}