{"id":813,"date":"2017-02-13T12:25:38","date_gmt":"2017-02-13T11:25:38","guid":{"rendered":"http:\/\/arial-industries.com\/?page_id=813"},"modified":"2019-06-20T20:52:07","modified_gmt":"2019-06-20T18:52:07","slug":"valeurs","status":"publish","type":"page","link":"https:\/\/arial-industries.com\/index.php\/valeurs","title":{"rendered":"Valeurs"},"content":{"rendered":"<p><div class=\"fusion-fullwidth fullwidth-box fusion-builder-row-1 nonhundred-percent-fullwidth non-hundred-percent-height-scrolling\" style=\"--awb-border-radius-top-left:0px;--awb-border-radius-top-right:0px;--awb-border-radius-bottom-right:0px;--awb-border-radius-bottom-left:0px;--awb-flex-wrap:wrap;\" ><div class=\"fusion-builder-row fusion-row\"><div class=\"fusion-layout-column fusion_builder_column fusion-builder-column-0 fusion_builder_column_1_1 1_1 fusion-one-full fusion-column-first fusion-column-last\" style=\"--awb-bg-size:cover;\"><div class=\"fusion-column-wrapper fusion-column-has-shadow fusion-flex-column-wrapper-legacy\"><div class=\"fusion-title title fusion-title-1 fusion-sep-none fusion-title-center fusion-title-text fusion-title-size-two\"><h2 class=\"fusion-title-heading title-heading-center fusion-responsive-typography-calculated\" style=\"margin:0;--fontSize:48;line-height:1.25;\">Nos principes fondamentaux<\/h2><\/div><div class=\"fusion-clearfix\"><\/div><\/div><\/div><\/div><\/div><div class=\"fusion-fullwidth fullwidth-box fusion-builder-row-2 hundred-percent-fullwidth non-hundred-percent-height-scrolling\" style=\"--awb-border-radius-top-left:0px;--awb-border-radius-top-right:0px;--awb-border-radius-bottom-right:0px;--awb-border-radius-bottom-left:0px;--awb-padding-top:20px;--awb-padding-bottom:20px;--awb-flex-wrap:wrap;\" ><div class=\"fusion-builder-row fusion-row\"><div class=\"fusion-layout-column fusion_builder_column fusion-builder-column-1 fusion_builder_column_1_1 1_1 fusion-one-full fusion-column-first fusion-column-last\" style=\"--awb-bg-size:cover;\"><div class=\"fusion-column-wrapper fusion-flex-column-wrapper-legacy\"><div class=\"fusion-title title fusion-title-2 fusion-sep-none fusion-title-text fusion-title-size-two\" style=\"--awb-sep-color:#f44336;\"><h2 class=\"fusion-title-heading title-heading-left fusion-responsive-typography-calculated\" style=\"margin:0;--fontSize:48;line-height:1.25;\"><h4 style=\"text-align: justify;\">La culture d\u2019entreprise d\u2019ARIAL Industries est construite autour de valeurs qui nous sont propres.<\/h4>\n<h4 style=\"text-align: justify;\">Nous recherchons chez nos collaborateurs les m\u00eames principes fondamentaux :<\/h4>\n<hr \/><\/h2><\/div><div class=\"fusion-clearfix\"><\/div><\/div><\/div><\/div><\/div><div class=\"fusion-fullwidth fullwidth-box fusion-builder-row-3 hundred-percent-fullwidth non-hundred-percent-height-scrolling\" style=\"--awb-border-radius-top-left:0px;--awb-border-radius-top-right:0px;--awb-border-radius-bottom-right:0px;--awb-border-radius-bottom-left:0px;--awb-padding-top:20px;--awb-padding-bottom:20px;--awb-flex-wrap:wrap;\" ><div class=\"fusion-builder-row fusion-row\"><div class=\"fusion-layout-column fusion_builder_column fusion-builder-column-2 fusion_builder_column_1_1 1_1 fusion-one-full fusion-column-first fusion-column-last\" style=\"--awb-bg-size:cover;\"><div class=\"fusion-column-wrapper fusion-flex-column-wrapper-legacy\"><div class=\"fusion-text fusion-text-1\"><p style=\"text-align: justify;\"><span style=\"color: #1e69b2;\">C\u2019est au travers de ces valeurs et principes que nous parvenons \u00e0 allier les attentes de nos collaborateurs et la satisfaction client. En effet, nous sommes convaincus que l\u2019\u00e9panouissement personnel est un gage de r\u00e9ussite, et conscients que nos collaborateurs repr\u00e9sentent nos meilleurs partenaires aupr\u00e8s de nos clients.<\/span><\/p>\n<\/div><div class=\"fusion-clearfix\"><\/div><\/div><\/div><\/div><\/div><div class=\"fusion-fullwidth fullwidth-box fusion-builder-row-4 hundred-percent-fullwidth non-hundred-percent-height-scrolling\" style=\"--awb-border-radius-top-left:0px;--awb-border-radius-top-right:0px;--awb-border-radius-bottom-right:0px;--awb-border-radius-bottom-left:0px;--awb-padding-top:20px;--awb-padding-bottom:20px;--awb-flex-wrap:wrap;\" ><div class=\"fusion-builder-row fusion-row\"><div class=\"fusion-layout-column fusion_builder_column fusion-builder-column-3 fusion_builder_column_1_3 1_3 fusion-one-third fusion-column-first\" style=\"--awb-bg-size:cover;width:33.333333333333%;width:calc(33.333333333333% - ( ( 4% + 4% ) * 0.33333333333333 ) );margin-right: 4%;\"><div class=\"fusion-column-wrapper fusion-flex-column-wrapper-legacy\"><div class=\"fusion-content-boxes content-boxes columns row fusion-columns-1 fusion-columns-total-1 fusion-content-boxes-1 content-boxes-icon-with-title content-left\" style=\"--awb-backgroundcolor:rgba(233,30,99,0);--awb-hover-accent-color:#1a80b6;--awb-circle-hover-accent-color:#1a80b6;--awb-item-margin-bottom:40px;\" data-animationOffset=\"top-into-view\"><div style=\"--awb-backgroundcolor:rgba(255,152,0,0);\" class=\"fusion-column content-box-column content-box-column content-box-column-1 col-lg-12 col-md-12 col-sm-12 fusion-content-box-hover content-box-column-last content-box-column-last-in-row\"><div class=\"col content-box-wrapper content-wrapper link-area-link-icon icon-hover-animation-fade\" data-animationOffset=\"top-into-view\"><div class=\"heading heading-with-icon icon-left\"><div class=\"icon\"><i style=\"border-color:#333333;border-width:1px;background-color:#333333;box-sizing:content-box;height:42px;width:42px;line-height:42px;border-radius:50%;font-size:21px;\" aria-hidden=\"true\" class=\"fontawesome-icon fa fa-hourglass circle-yes\"><\/i><\/div><h2 class=\"content-box-heading fusion-responsive-typography-calculated\" style=\"--h2_typography-font-size:18px;--fontSize:18;line-height:1.25;\"> Sens du service et R\u00e9activit\u00e9<\/h2><\/div><div class=\"fusion-clearfix\"><\/div><div class=\"content-container\">\n<p style=\"text-align: justify;\"><span style=\"color: #1e69b2;\">Arial Industries recherche des <strong>partenariats de long terme<\/strong> avec ses clients, capable de s\u2019adapter\u00a0 aux imp\u00e9ratifs des grands comptes, offrant l\u2019<strong>expertise<\/strong> et le <strong>savoir-faire de ses \u00e9quipes<\/strong> pour mener \u00e0 bien les missions confi\u00e9es.<br \/>\n<\/span><span style=\"color: #1e69b2;\">Notre <strong>sens du service<\/strong> passe par notre <strong>grande r\u00e9activit\u00e9<\/strong> aupr\u00e8s de nos clients, bas\u00e9e sur l\u2019int\u00e9gration dans les \u00e9quipes de <strong>collaborateurs form\u00e9s et rapidement op\u00e9rationnels<\/strong><\/span>.<\/p>\n<\/div><\/div><\/div><div class=\"fusion-clearfix\"><\/div><\/div><div class=\"fusion-clearfix\"><\/div><\/div><\/div><div class=\"fusion-layout-column fusion_builder_column fusion-builder-column-4 fusion_builder_column_1_3 1_3 fusion-one-third\" style=\"--awb-bg-size:cover;width:33.333333333333%;width:calc(33.333333333333% - ( ( 4% + 4% ) * 0.33333333333333 ) );margin-right: 4%;\"><div class=\"fusion-column-wrapper fusion-flex-column-wrapper-legacy\"><div class=\"fusion-content-boxes content-boxes columns row fusion-columns-1 fusion-columns-total-1 fusion-content-boxes-2 content-boxes-icon-with-title content-left\" style=\"--awb-backgroundcolor:rgba(233,30,99,0);--awb-hover-accent-color:#1a80b6;--awb-circle-hover-accent-color:#1a80b6;--awb-item-margin-bottom:40px;\" data-animationOffset=\"top-into-view\"><div style=\"--awb-backgroundcolor:rgba(255,152,0,0);\" class=\"fusion-column content-box-column content-box-column content-box-column-1 col-lg-12 col-md-12 col-sm-12 fusion-content-box-hover content-box-column-last content-box-column-last-in-row\"><div class=\"col content-box-wrapper content-wrapper link-area-link-icon icon-hover-animation-fade\" data-animationOffset=\"top-into-view\"><div class=\"heading heading-with-icon icon-left\"><div class=\"icon\"><i style=\"border-color:#333333;border-width:1px;background-color:#333333;box-sizing:content-box;height:42px;width:42px;line-height:42px;border-radius:50%;font-size:21px;\" aria-hidden=\"true\" class=\"fontawesome-icon fa fa-comments circle-yes\"><\/i><\/div><h2 class=\"content-box-heading fusion-responsive-typography-calculated\" style=\"--h2_typography-font-size:18px;--fontSize:18;line-height:1.25;\">L\u2019Ecoute<\/h2><\/div><div class=\"fusion-clearfix\"><\/div><div class=\"content-container\">\n<p style=\"text-align: justify;\"><span style=\"color: #1e69b2;\">Arial Industries privil\u00e9gie le <strong>dialogue<\/strong> par un <strong>management de proximit\u00e9<\/strong>, une <strong>grande disponibilit\u00e9<\/strong> et des <strong>circuits de d\u00e9cision courts<\/strong>. Notre r\u00f4le est de rester <strong>\u00e0 l\u2019\u00e9coute du terrain<\/strong>, de trouver les solutions ad\u00e9quates et de vous <strong>garantir souplesse et r\u00e9activit\u00e9<\/strong>.<\/span><\/p>\n<\/div><\/div><\/div><div class=\"fusion-clearfix\"><\/div><\/div><div class=\"fusion-clearfix\"><\/div><\/div><\/div><div class=\"fusion-layout-column fusion_builder_column fusion-builder-column-5 fusion_builder_column_1_3 1_3 fusion-one-third fusion-column-last\" style=\"--awb-bg-size:cover;width:33.333333333333%;width:calc(33.333333333333% - ( ( 4% + 4% ) * 0.33333333333333 ) );\"><div class=\"fusion-column-wrapper fusion-flex-column-wrapper-legacy\"><div class=\"fusion-content-boxes content-boxes columns row fusion-columns-1 fusion-columns-total-1 fusion-content-boxes-3 content-boxes-icon-with-title content-left\" style=\"--awb-backgroundcolor:rgba(233,30,99,0);--awb-hover-accent-color:#1a80b6;--awb-circle-hover-accent-color:#1a80b6;--awb-item-margin-bottom:40px;\" data-animationOffset=\"top-into-view\"><div style=\"--awb-backgroundcolor:rgba(255,152,0,0);\" class=\"fusion-column content-box-column content-box-column content-box-column-1 col-lg-12 col-md-12 col-sm-12 fusion-content-box-hover content-box-column-last content-box-column-last-in-row\"><div class=\"col content-box-wrapper content-wrapper link-area-link-icon icon-hover-animation-fade\" data-animationOffset=\"top-into-view\"><div class=\"heading heading-with-icon icon-left\"><div class=\"icon\"><i style=\"border-color:#333333;border-width:1px;background-color:#333333;box-sizing:content-box;height:42px;width:42px;line-height:42px;border-radius:50%;font-size:21px;\" aria-hidden=\"true\" class=\"fontawesome-icon fa fa-users circle-yes\"><\/i><\/div><h2 class=\"content-box-heading fusion-responsive-typography-calculated\" style=\"--h2_typography-font-size:18px;--fontSize:18;line-height:1.25;\">La Reconnaissance<\/h2><\/div><div class=\"fusion-clearfix\"><\/div><div class=\"content-container\">\n<p style=\"text-align: justify;\"><span style=\"color: #1e69b2;\">Arial Industries est une entreprise <strong>\u00e0 taille humaine<\/strong>\u00a0: nous sommes <strong>proches de nos \u00e9quipes<\/strong>, encourageons le <strong>partage des connaissances et le sens des responsabilit\u00e9s<\/strong>. Notre culture repose sur la <strong>reconnaissance de nos collaborateurs<\/strong>, de leurs efforts individuels et collectifs.<\/span><\/p>\n<\/div><\/div><\/div><div class=\"fusion-clearfix\"><\/div><\/div><div class=\"fusion-clearfix\"><\/div><\/div><\/div><\/div><\/div><div class=\"fusion-fullwidth fullwidth-box fusion-builder-row-5 hundred-percent-fullwidth non-hundred-percent-height-scrolling fusion-equal-height-columns\" style=\"--awb-border-radius-top-left:0px;--awb-border-radius-top-right:0px;--awb-border-radius-bottom-right:0px;--awb-border-radius-bottom-left:0px;--awb-padding-top:20px;--awb-padding-bottom:20px;--awb-flex-wrap:wrap;\" ><div class=\"fusion-builder-row fusion-row\"><div class=\"fusion-layout-column fusion_builder_column fusion-builder-column-6 fusion_builder_column_1_5 1_5 fusion-one-fifth fusion-column-first\" style=\"--awb-bg-size:cover;width:20%;width:calc(20% - ( ( 4% ) * 0.2 ) );margin-right: 4%;\"><div class=\"fusion-column-wrapper fusion-flex-column-wrapper-legacy\"><div class=\"fusion-column-content-centered\"><div class=\"fusion-column-content\"><div class=\"fusion-image-element in-legacy-container\" style=\"--awb-caption-title-font-family:var(--h2_typography-font-family);--awb-caption-title-font-weight:var(--h2_typography-font-weight);--awb-caption-title-font-style:var(--h2_typography-font-style);--awb-caption-title-size:var(--h2_typography-font-size);--awb-caption-title-transform:var(--h2_typography-text-transform);--awb-caption-title-line-height:var(--h2_typography-line-height);--awb-caption-title-letter-spacing:var(--h2_typography-letter-spacing);\"><span class=\" fusion-imageframe imageframe-none imageframe-1 hover-type-none\"><img decoding=\"async\" width=\"717\" height=\"600\" title=\"logo-mase\" src=\"http:\/\/arial-industries.com\/wp-content\/uploads\/2017\/02\/logo-mase.jpg\" alt class=\"img-responsive wp-image-1250\" srcset=\"https:\/\/arial-industries.com\/wp-content\/uploads\/2017\/02\/logo-mase-200x167.jpg 200w, https:\/\/arial-industries.com\/wp-content\/uploads\/2017\/02\/logo-mase-400x335.jpg 400w, https:\/\/arial-industries.com\/wp-content\/uploads\/2017\/02\/logo-mase-600x502.jpg 600w, https:\/\/arial-industries.com\/wp-content\/uploads\/2017\/02\/logo-mase.jpg 717w\" sizes=\"(max-width: 800px) 100vw, 400px\" \/><\/span><\/div><\/div><\/div><div class=\"fusion-clearfix\"><\/div><\/div><\/div><div class=\"fusion-layout-column fusion_builder_column fusion-builder-column-7 fusion_builder_column_4_5 4_5 fusion-four-fifth fusion-column-last\" style=\"--awb-bg-size:cover;width:80%;width:calc(80% - ( ( 4% ) * 0.8 ) );\"><div class=\"fusion-column-wrapper fusion-flex-column-wrapper-legacy\"><div class=\"fusion-text fusion-text-2\"><h4><strong><u>Une entreprise engag\u00e9e\u00a0:<\/u><\/strong><\/h4>\n<\/div><div class=\"fusion-text fusion-text-3\"><h4 style=\"text-align: justify;\"><u>La s\u00e9curit\u00e9 pour tous\u00a0:<\/u><\/h4>\n<p style=\"text-align: justify;\"><span style=\"color: #1e69b2;\">Afin de prot\u00e9ger au mieux l\u2019ensemble de nos salari\u00e9s, nous mettons en place un syst\u00e8me de management SSE, qui place l\u2019homme au c\u0153ur de la pr\u00e9vention. Inscrite dans une d\u00e9marche d\u2019am\u00e9lioration continue, la certification MASE garantie un renforcement de la s\u00e9curit\u00e9, de la sant\u00e9 au poste de travail et de l\u2019environnement.<\/span><\/p>\n<p style=\"text-align: justify;\"><span style=\"color: #1e69b2;\">ARIAL Industries s\u2019engage ainsi \u00e0 communiquer, informer et sensibiliser ses salari\u00e9s afin de mettre en place un langage commun permettant de progresser ensemble et d\u2019am\u00e9liorer les conditions d\u2019intervention de chacun.<\/span><\/p>\n<\/div><div class=\"fusion-clearfix\"><\/div><\/div><\/div><\/div><\/div><div class=\"fusion-fullwidth fullwidth-box fusion-builder-row-6 hundred-percent-fullwidth non-hundred-percent-height-scrolling fusion-equal-height-columns\" style=\"--awb-border-radius-top-left:0px;--awb-border-radius-top-right:0px;--awb-border-radius-bottom-right:0px;--awb-border-radius-bottom-left:0px;--awb-padding-top:20px;--awb-padding-bottom:20px;--awb-flex-wrap:wrap;\" ><div class=\"fusion-builder-row fusion-row\"><div class=\"fusion-layout-column fusion_builder_column fusion-builder-column-8 fusion_builder_column_1_5 1_5 fusion-one-fifth fusion-column-first\" style=\"--awb-bg-size:cover;width:20%;width:calc(20% - ( ( 4% ) * 0.2 ) );margin-right: 4%;\"><div class=\"fusion-column-wrapper fusion-flex-column-wrapper-legacy\"><div class=\"fusion-column-content-centered\"><div class=\"fusion-column-content\"><div class=\"fusion-image-element in-legacy-container\" style=\"--awb-caption-title-font-family:var(--h2_typography-font-family);--awb-caption-title-font-weight:var(--h2_typography-font-weight);--awb-caption-title-font-style:var(--h2_typography-font-style);--awb-caption-title-size:var(--h2_typography-font-size);--awb-caption-title-transform:var(--h2_typography-text-transform);--awb-caption-title-line-height:var(--h2_typography-line-height);--awb-caption-title-letter-spacing:var(--h2_typography-letter-spacing);\"><span class=\" fusion-imageframe imageframe-none imageframe-2 hover-type-none\"><img decoding=\"async\" width=\"2032\" height=\"1960\" title=\"adapt\" src=\"http:\/\/arial-industries.com\/wp-content\/uploads\/2017\/02\/adapt.jpg\" alt class=\"img-responsive wp-image-1251\" srcset=\"https:\/\/arial-industries.com\/wp-content\/uploads\/2017\/02\/adapt-200x193.jpg 200w, https:\/\/arial-industries.com\/wp-content\/uploads\/2017\/02\/adapt-400x386.jpg 400w, https:\/\/arial-industries.com\/wp-content\/uploads\/2017\/02\/adapt-600x579.jpg 600w, https:\/\/arial-industries.com\/wp-content\/uploads\/2017\/02\/adapt-800x772.jpg 800w, https:\/\/arial-industries.com\/wp-content\/uploads\/2017\/02\/adapt-1200x1157.jpg 1200w, https:\/\/arial-industries.com\/wp-content\/uploads\/2017\/02\/adapt.jpg 2032w\" sizes=\"(max-width: 800px) 100vw, 400px\" \/><\/span><\/div><\/div><\/div><div class=\"fusion-clearfix\"><\/div><\/div><\/div><div class=\"fusion-layout-column fusion_builder_column fusion-builder-column-9 fusion_builder_column_4_5 4_5 fusion-four-fifth fusion-column-last\" style=\"--awb-bg-size:cover;width:80%;width:calc(80% - ( ( 4% ) * 0.8 ) );\"><div class=\"fusion-column-wrapper fusion-flex-column-wrapper-legacy\"><div class=\"fusion-column-content-centered\"><div class=\"fusion-column-content\"><div class=\"fusion-text fusion-text-4\"><h4 style=\"text-align: justify;\"><u>Handi responsable\u00a0:<\/u><\/h4>\n<p style=\"text-align: justify;\"><span style=\"color: #1e69b2;\">Arial Industries est engag\u00e9e dans le recrutement des personnes handicap\u00e9es, en collaboration avec l\u2019AGEFIPH. Notre d\u00e9marche consiste \u00e0 recruter, int\u00e9grer et accompagner des travailleurs handicap\u00e9s \u00e0 des postes techniques ou administratifs.<\/span><\/p>\n<\/div><\/div><\/div><div class=\"fusion-clearfix\"><\/div><\/div><\/div><\/div><\/div><div class=\"fusion-fullwidth fullwidth-box fusion-builder-row-7 hundred-percent-fullwidth non-hundred-percent-height-scrolling fusion-equal-height-columns\" style=\"--awb-border-radius-top-left:0px;--awb-border-radius-top-right:0px;--awb-border-radius-bottom-right:0px;--awb-border-radius-bottom-left:0px;--awb-flex-wrap:wrap;\" ><div class=\"fusion-builder-row fusion-row\"><div class=\"fusion-layout-column fusion_builder_column fusion-builder-column-10 fusion_builder_column_1_5 1_5 fusion-one-fifth fusion-column-first\" style=\"--awb-bg-size:cover;width:20%;width:calc(20% - ( ( 4% ) * 0.2 ) );margin-right: 4%;\"><div class=\"fusion-column-wrapper fusion-flex-column-wrapper-legacy\"><div class=\"fusion-column-content-centered\"><div class=\"fusion-column-content\"><div class=\"fusion-image-element in-legacy-container\" style=\"--awb-caption-title-font-family:var(--h2_typography-font-family);--awb-caption-title-font-weight:var(--h2_typography-font-weight);--awb-caption-title-font-style:var(--h2_typography-font-style);--awb-caption-title-size:var(--h2_typography-font-size);--awb-caption-title-transform:var(--h2_typography-text-transform);--awb-caption-title-line-height:var(--h2_typography-line-height);--awb-caption-title-letter-spacing:var(--h2_typography-letter-spacing);\"><span class=\" fusion-imageframe imageframe-none imageframe-3 hover-type-none\"><img decoding=\"async\" width=\"582\" height=\"237\" title=\"D\u00e9marche-ecoresponsable\" src=\"http:\/\/arial-industries.com\/wp-content\/uploads\/2017\/02\/D\u00e9marche-ecoresponsable.jpg\" alt class=\"img-responsive wp-image-1249\" srcset=\"https:\/\/arial-industries.com\/wp-content\/uploads\/2017\/02\/D\u00e9marche-ecoresponsable-200x81.jpg 200w, https:\/\/arial-industries.com\/wp-content\/uploads\/2017\/02\/D\u00e9marche-ecoresponsable-400x163.jpg 400w, https:\/\/arial-industries.com\/wp-content\/uploads\/2017\/02\/D\u00e9marche-ecoresponsable.jpg 582w\" sizes=\"(max-width: 800px) 100vw, 400px\" \/><\/span><\/div><\/div><\/div><div class=\"fusion-clearfix\"><\/div><\/div><\/div><div class=\"fusion-layout-column fusion_builder_column fusion-builder-column-11 fusion_builder_column_4_5 4_5 fusion-four-fifth fusion-column-last\" style=\"--awb-bg-size:cover;width:80%;width:calc(80% - ( ( 4% ) * 0.8 ) );\"><div class=\"fusion-column-wrapper fusion-flex-column-wrapper-legacy\"><div class=\"fusion-text fusion-text-5\"><h4 style=\"text-align: justify;\"><u>Eco-responsable\u00a0:<\/u><\/h4>\n<p style=\"text-align: justify;\"><span style=\"color: #1e69b2;\">ARIAL Industries est profond\u00e9ment impliqu\u00e9 pour la cause environnementale. Nous consid\u00e9rons l\u2019environnement comme un atout, un partenaire de route indispensable, mais surtout une composante\u00a0 incontournable dans la construction de nos activit\u00e9s futures.<\/span><\/p>\n<p><span style=\"color: #1e69b2;\">A notre niveau, au-del\u00e0 des \u00ab\u00a0standards\u00a0\u00bb qui touchent au recyclage, aux consommations d\u2019\u00e9nergies et au gaspillage de papiers, nous mettons tout en \u0153uvre au sein de nos processus internes pour minimiser l\u2019impact environnemental de notre activit\u00e9.<\/span><\/p>\n<\/div><div class=\"fusion-clearfix\"><\/div><\/div><\/div><\/div><\/div><div class=\"fusion-fullwidth fullwidth-box fusion-builder-row-8 hundred-percent-fullwidth non-hundred-percent-height-scrolling fusion-equal-height-columns\" style=\"--awb-border-radius-top-left:0px;--awb-border-radius-top-right:0px;--awb-border-radius-bottom-right:0px;--awb-border-radius-bottom-left:0px;--awb-padding-top:20px;--awb-padding-bottom:20px;--awb-flex-wrap:wrap;\" ><div class=\"fusion-builder-row fusion-row\"><div class=\"fusion-layout-column fusion_builder_column fusion-builder-column-12 fusion_builder_column_1_1 1_1 fusion-one-full fusion-column-first fusion-column-last\" style=\"--awb-bg-size:cover;\"><div class=\"fusion-column-wrapper fusion-flex-column-wrapper-legacy\"><div class=\"fusion-text fusion-text-6\"><p style=\"text-align: justify;\"><span style=\"color: #1e69b2;\">Ainsi, Arial Industries a opt\u00e9 depuis plusieurs ann\u00e9es pour des moyens de contact num\u00e9riques que ce soit par des visioconf\u00e9rences\u00a0pour certains entretiens et r\u00e9unions de travail, ou m\u00eame en d\u00e9laissant l\u2019utilisation du papier en faveur de moyens digitaux.<\/span><\/p>\n<p style=\"text-align: justify;\"><span style=\"color: #1e69b2;\">Dans cette d\u00e9marche nous privil\u00e9gions toujours les modes de transport les moins polluants.<br \/>\n<\/span><span style=\"color: #1e69b2;\">Le palmar\u00e8s des modes de transport\u00a0: (<a style=\"color: #1e69b2; text-decoration: underline;\" href=\"http:\/\/www.consoglobe.com\/\">http:\/\/www.consoglobe.com\/<\/a>)<\/span><\/p>\n<\/div><div class=\"fusion-clearfix\"><\/div><\/div><\/div><\/div><\/div><div class=\"fusion-fullwidth fullwidth-box fusion-builder-row-9 hundred-percent-fullwidth non-hundred-percent-height-scrolling fusion-equal-height-columns\" style=\"--awb-border-radius-top-left:0px;--awb-border-radius-top-right:0px;--awb-border-radius-bottom-right:0px;--awb-border-radius-bottom-left:0px;--awb-padding-top:20px;--awb-padding-bottom:20px;--awb-flex-wrap:wrap;\" ><div class=\"fusion-builder-row fusion-row\"><div class=\"fusion-layout-column fusion_builder_column fusion-builder-column-13 fusion_builder_column_1_3 1_3 fusion-one-third fusion-column-first\" style=\"--awb-bg-size:cover;width:33.333333333333%;width:calc(33.333333333333% - ( ( 4% + 4% ) * 0.33333333333333 ) );margin-right: 4%;\"><div class=\"fusion-column-wrapper fusion-flex-column-wrapper-legacy\"><div class=\"fusion-text fusion-text-7\"><ul style=\"text-align: justify;\">\n<li>\n<p style=\"text-align: justify;\"><span style=\"color: #1e69b2;\"><u>Sur les rails\u00a0:<br \/>\n<\/u><\/span><strong>Le TGV<\/strong>\u00a0: 13 g CO2\/km.<br \/>\n<strong>TER<\/strong>: 43 g CO2\/km<\/p>\n<\/li>\n<\/ul>\n<\/div><div class=\"fusion-clearfix\"><\/div><\/div><\/div><div class=\"fusion-layout-column fusion_builder_column fusion-builder-column-14 fusion_builder_column_1_3 1_3 fusion-one-third\" style=\"--awb-bg-size:cover;width:33.333333333333%;width:calc(33.333333333333% - ( ( 4% + 4% ) * 0.33333333333333 ) );margin-right: 4%;\"><div class=\"fusion-column-wrapper fusion-flex-column-wrapper-legacy\"><div class=\"fusion-text fusion-text-8\"><ul>\n<li>\n<p style=\"text-align: left;\"><span style=\"color: #1e69b2;\"><u>Sur la route\u00a0:<br \/>\n<\/u><\/span><strong>Autobus<\/strong>\u00a0: 130 g CO2\/km<br \/>\n<strong>Voiture diesel de taille moyenne<\/strong>\u00a0: 127 g CO2\/km<br \/>\n<strong>Voiture essence taille moyenne<\/strong>\u00a0: 135 g CO2\/km<br \/>\n<strong>Voiture \u00e9lectrique<\/strong>\u00a0: 22 g CO2\/km<br \/>\n<strong>Voiture<\/strong>\u00a0<strong>4 x 4<\/strong>\u00a0\u00a0: 250 g CO2\/km<br \/>\n<strong>Moto de plus de 750 cm3<\/strong>\u00a0\u00a0: 123 g CO2\/km<\/p>\n<\/li>\n<\/ul>\n<\/div><div class=\"fusion-clearfix\"><\/div><\/div><\/div><div class=\"fusion-layout-column fusion_builder_column fusion-builder-column-15 fusion_builder_column_1_3 1_3 fusion-one-third fusion-column-last\" style=\"--awb-bg-size:cover;width:33.333333333333%;width:calc(33.333333333333% - ( ( 4% + 4% ) * 0.33333333333333 ) );\"><div class=\"fusion-column-wrapper fusion-flex-column-wrapper-legacy\"><div class=\"fusion-text fusion-text-9\"><ul style=\"text-align: justify;\">\n<li>\n<p style=\"text-align: justify;\"><span style=\"color: #1e69b2;\"><u>Dans les airs\u00a0:<br \/>\n<\/u><\/span><strong>Avion, vol<\/strong>\u00a0<strong>domestique<\/strong>\u00a0: 145 g CO2\/km<br \/>\n<strong>Avion, vol long-courrier<\/strong>\u00a0: 118 g CO2\/km<\/p>\n<\/li>\n<\/ul>\n<\/div><div class=\"fusion-clearfix\"><\/div><\/div><\/div><\/div><\/div><\/p>\n","protected":false},"excerpt":{"rendered":"","protected":false},"author":1,"featured_media":0,"parent":0,"menu_order":0,"comment_status":"closed","ping_status":"closed","template":"","meta":[],"_links":{"self":[{"href":"https:\/\/arial-industries.com\/index.php\/wp-json\/wp\/v2\/pages\/813"}],"collection":[{"href":"https:\/\/arial-industries.com\/index.php\/wp-json\/wp\/v2\/pages"}],"about":[{"href":"https:\/\/arial-industries.com\/index.php\/wp-json\/wp\/v2\/types\/page"}],"author":[{"embeddable":true,"href":"https:\/\/arial-industries.com\/index.php\/wp-json\/wp\/v2\/users\/1"}],"replies":[{"embeddable":true,"href":"https:\/\/arial-industries.com\/index.php\/wp-json\/wp\/v2\/comments?post=813"}],"version-history":[{"count":35,"href":"https:\/\/arial-industries.com\/index.php\/wp-json\/wp\/v2\/pages\/813\/revisions"}],"predecessor-version":[{"id":2266,"href":"https:\/\/arial-industries.com\/index.php\/wp-json\/wp\/v2\/pages\/813\/revisions\/2266"}],"wp:attachment":[{"href":"https:\/\/arial-industries.com\/index.php\/wp-json\/wp\/v2\/media?parent=813"}],"curies":[{"name":"wp","href":"https:\/\/api.w.org\/{rel}","templated":true}]}}