{"id":729,"date":"2017-02-10T08:22:23","date_gmt":"2017-02-10T07:22:23","guid":{"rendered":"http:\/\/arial-industries.com\/?page_id=729"},"modified":"2019-06-20T21:03:59","modified_gmt":"2019-06-20T19:03:59","slug":"carriere","status":"publish","type":"page","link":"https:\/\/arial-industries.com\/index.php\/carriere","title":{"rendered":"Postuler"},"content":{"rendered":"<p><div class=\"fusion-fullwidth fullwidth-box fusion-builder-row-1 nonhundred-percent-fullwidth non-hundred-percent-height-scrolling\" style=\"--awb-border-radius-top-left:0px;--awb-border-radius-top-right:0px;--awb-border-radius-bottom-right:0px;--awb-border-radius-bottom-left:0px;--awb-flex-wrap:wrap;\" ><div class=\"fusion-builder-row fusion-row\"><div class=\"fusion-layout-column fusion_builder_column fusion-builder-column-0 fusion_builder_column_1_1 1_1 fusion-one-full fusion-column-first fusion-column-last\" style=\"--awb-bg-size:cover;\"><div class=\"fusion-column-wrapper fusion-column-has-shadow fusion-flex-column-wrapper-legacy\"><div class=\"fusion-title title fusion-title-1 fusion-sep-none fusion-title-center fusion-title-text fusion-title-size-two\"><h2 class=\"fusion-title-heading title-heading-center fusion-responsive-typography-calculated\" style=\"margin:0;--fontSize:48;line-height:1.25;\">Rejoignez nous<\/h2><\/div><div class=\"fusion-clearfix\"><\/div><\/div><\/div><\/div><\/div><div class=\"fusion-fullwidth fullwidth-box fusion-builder-row-2 hundred-percent-fullwidth non-hundred-percent-height-scrolling fusion-equal-height-columns\" style=\"--awb-border-radius-top-left:0px;--awb-border-radius-top-right:0px;--awb-border-radius-bottom-right:0px;--awb-border-radius-bottom-left:0px;--awb-flex-wrap:wrap;\" ><div class=\"fusion-builder-row fusion-row\"><div class=\"fusion-layout-column fusion_builder_column fusion-builder-column-1 fusion_builder_column_1_2 1_2 fusion-one-half fusion-column-first\" style=\"--awb-bg-size:cover;--awb-margin-bottom:0px;width:48%; margin-right: 4%;\"><div class=\"fusion-column-wrapper fusion-flex-column-wrapper-legacy\"><div class=\"fusion-column-content-centered\"><div class=\"fusion-column-content\"><div class=\"fusion-text fusion-text-1\"><div class=\"job_listings\" data-location=\"\" data-keywords=\"\" data-show_filters=\"true\" data-show_pagination=\"false\" data-per_page=\"20\" data-orderby=\"featured\" data-order=\"DESC\" data-categories=\"\" data-disable-form-state-storage=\"\" data-post_id=\"729\" >\n<form class=\"job_filters\">\n\t\n\t<div class=\"search_jobs\">\n\t\t\n\t\t<div class=\"search_keywords\">\n\t\t\t<label for=\"search_keywords\">Mots-cl\u00e9s<\/label>\n\t\t\t<input type=\"text\" name=\"search_keywords\" id=\"search_keywords\" placeholder=\"Mots-cl\u00e9s\" value=\"\" \/>\n\t\t<\/div>\n\n\t\t<div class=\"search_location\">\n\t\t\t<label for=\"search_location\">Lieu du poste<\/label>\n\t\t\t<input type=\"text\" name=\"search_location\" id=\"search_location\" placeholder=\"Lieu du poste\" value=\"\" \/>\n\t\t<\/div>\n\n\t\t<div style=\"clear: both\"><\/div>\n\n\t\t\t\t\t<div class=\"search_categories\">\n\t\t\t\t<label for=\"search_categories\">Cat\u00e9gorie<\/label>\n\t\t\t\t\t\t\t\t\t<select name='search_categories[]' id='search_categories' class='job-manager-category-dropdown '  data-placeholder='Choisissez une cat\u00e9gorie&hellip;' data-no_results_text='Aucun r\u00e9sultat' data-multiple_text='Choisir une option'>\n<option value=\"\">N&#039;importe quelle cat\u00e9gorie<\/option>\t<option class=\"level-0\" value=\"67\">Dessinateur<\/option>\n\t<option class=\"level-0\" value=\"60\">Ing\u00e9nieur<\/option>\n\t<option class=\"level-0\" value=\"116\">PMO<\/option>\n\t<option class=\"level-0\" value=\"61\">Technicien<\/option>\n<\/select>\n\t\t\t\t\t\t\t<\/div>\n\t\t\n\t\t\t\t\t<div class=\"search_submit\">\n\t\t\t\t<input type=\"submit\" value=\"Rechercher des postes\">\n\t\t\t<\/div>\n\t\t\n\t\t\t<\/div>\n\n\t\t<ul class=\"job_types\">\n\t\t\t\t\t<li><label for=\"job_type_aeronautique\" class=\"aeronautique\"><input type=\"checkbox\" name=\"filter_job_type[]\" value=\"aeronautique\"  checked='checked' id=\"job_type_aeronautique\" \/> A\u00e9ronautique<\/label><\/li>\n\t\t\t\t\t<li><label for=\"job_type_energie\" class=\"energie\"><input type=\"checkbox\" name=\"filter_job_type[]\" value=\"energie\"  checked='checked' id=\"job_type_energie\" \/> Energie<\/label><\/li>\n\t\t\t\t\t<li><label for=\"job_type_nucleaire\" class=\"nucleaire\"><input type=\"checkbox\" name=\"filter_job_type[]\" value=\"nucleaire\"  checked='checked' id=\"job_type_nucleaire\" \/> Nucl\u00e9aire<\/label><\/li>\n\t\t\t\t\t<li><label for=\"job_type_spatial\" class=\"spatial\"><input type=\"checkbox\" name=\"filter_job_type[]\" value=\"spatial\"  checked='checked' id=\"job_type_spatial\" \/> Spatial<\/label><\/li>\n\t\t\t\t\t<li><label for=\"job_type_transports\" class=\"transports\"><input type=\"checkbox\" name=\"filter_job_type[]\" value=\"transports\"  checked='checked' id=\"job_type_transports\" \/> Transports<\/label><\/li>\n\t\t\t<\/ul>\n\t<input type=\"hidden\" name=\"filter_job_type[]\" value=\"\" \/>\n<div class=\"showing_jobs\"><\/div><\/form>\n\n\n<noscript>Votre navigateur ne supporte pas JavaScript, ou bien JavaScript est d\u00e9sactiv\u00e9. JavaScript doit \u00eatre activ\u00e9 pour pouvoir visualiser des postes.<\/noscript>\n<ul class=\"job_listings\">\n<\/ul>\n<a class=\"load_more_jobs\" href=\"#\" style=\"display:none;\"><strong>Afficher plus de postes<\/strong><\/a><\/div>\n<\/div><\/div><\/div><div class=\"fusion-clearfix\"><\/div><\/div><\/div><div class=\"fusion-layout-column fusion_builder_column fusion-builder-column-2 fusion_builder_column_1_2 1_2 fusion-one-half fusion-column-last\" style=\"--awb-bg-size:cover;width:48%;\"><div class=\"fusion-column-wrapper fusion-flex-column-wrapper-legacy\"><div class=\"fusion-image-element fusion-image-align-center in-legacy-container\" style=\"text-align:center;--awb-max-width:500px;--awb-caption-title-font-family:var(--h2_typography-font-family);--awb-caption-title-font-weight:var(--h2_typography-font-weight);--awb-caption-title-font-style:var(--h2_typography-font-style);--awb-caption-title-size:var(--h2_typography-font-size);--awb-caption-title-transform:var(--h2_typography-text-transform);--awb-caption-title-line-height:var(--h2_typography-line-height);--awb-caption-title-letter-spacing:var(--h2_typography-letter-spacing);\"><div class=\"imageframe-align-center\"><span class=\" fusion-imageframe imageframe-none imageframe-1 hover-type-none\"><img decoding=\"async\" width=\"1024\" height=\"791\" title=\"Fotolia_50890809_Lweb\" src=\"http:\/\/arial-industries.com\/wp-content\/uploads\/2017\/02\/Fotolia_50890809_Lweb-1024x791.jpg\" alt class=\"img-responsive wp-image-1295\" srcset=\"https:\/\/arial-industries.com\/wp-content\/uploads\/2017\/02\/Fotolia_50890809_Lweb-200x155.jpg 200w, https:\/\/arial-industries.com\/wp-content\/uploads\/2017\/02\/Fotolia_50890809_Lweb-400x309.jpg 400w, https:\/\/arial-industries.com\/wp-content\/uploads\/2017\/02\/Fotolia_50890809_Lweb-600x464.jpg 600w, https:\/\/arial-industries.com\/wp-content\/uploads\/2017\/02\/Fotolia_50890809_Lweb-800x618.jpg 800w, https:\/\/arial-industries.com\/wp-content\/uploads\/2017\/02\/Fotolia_50890809_Lweb-1200x927.jpg 1200w, https:\/\/arial-industries.com\/wp-content\/uploads\/2017\/02\/Fotolia_50890809_Lweb.jpg 2048w\" sizes=\"(max-width: 800px) 100vw, 800px\" \/><\/span><\/div><\/div><div class=\"fusion-title title fusion-title-2 fusion-sep-none fusion-title-center fusion-title-text fusion-title-size-three\"><h3 class=\"fusion-title-heading title-heading-center fusion-responsive-typography-calculated\" style=\"margin:0;--fontSize:22;--minFontSize:22;line-height:1.91;\"><span style=\"color: #1e69b2;\"><strong>Aucun poste n\u2019est disponible pour votre profil ?<\/strong><\/span><\/h3><\/div><div class=\"fusion-align-block\"><a class=\"fusion-button button-flat fusion-button-default-size button-default fusion-button-default button-1 fusion-button-span-yes fusion-button-default-type\" target=\"_self\" href=\"http:\/\/arial-industries.com\/index.php\/candidature-spontanee\/\"><span class=\"fusion-button-text awb-button__text awb-button__text--default\"> Postulez en candidature spontan\u00e9e ! <\/span><\/a><\/div><div class=\"fusion-clearfix\"><\/div><\/div><\/div><\/div><\/div><\/p>\n","protected":false},"excerpt":{"rendered":"","protected":false},"author":1,"featured_media":0,"parent":0,"menu_order":0,"comment_status":"closed","ping_status":"closed","template":"","meta":[],"_links":{"self":[{"href":"https:\/\/arial-industries.com\/index.php\/wp-json\/wp\/v2\/pages\/729"}],"collection":[{"href":"https:\/\/arial-industries.com\/index.php\/wp-json\/wp\/v2\/pages"}],"about":[{"href":"https:\/\/arial-industries.com\/index.php\/wp-json\/wp\/v2\/types\/page"}],"author":[{"embeddable":true,"href":"https:\/\/arial-industries.com\/index.php\/wp-json\/wp\/v2\/users\/1"}],"replies":[{"embeddable":true,"href":"https:\/\/arial-industries.com\/index.php\/wp-json\/wp\/v2\/comments?post=729"}],"version-history":[{"count":14,"href":"https:\/\/arial-industries.com\/index.php\/wp-json\/wp\/v2\/pages\/729\/revisions"}],"predecessor-version":[{"id":2278,"href":"https:\/\/arial-industries.com\/index.php\/wp-json\/wp\/v2\/pages\/729\/revisions\/2278"}],"wp:attachment":[{"href":"https:\/\/arial-industries.com\/index.php\/wp-json\/wp\/v2\/media?parent=729"}],"curies":[{"name":"wp","href":"https:\/\/api.w.org\/{rel}","templated":true}]}}