{"id":15,"date":"2015-02-10T19:22:07","date_gmt":"2015-02-10T19:22:07","guid":{"rendered":"http:\/\/avada.theme-fusion.com_demos\/architecture\/?page_id=15"},"modified":"2026-01-30T14:18:49","modified_gmt":"2026-01-30T13:18:49","slug":"contact","status":"publish","type":"page","link":"https:\/\/arial-industries.com\/index.php\/contact","title":{"rendered":"Contact"},"content":{"rendered":"<div class=\"fusion-fullwidth fullwidth-box fusion-builder-row-1 nonhundred-percent-fullwidth non-hundred-percent-height-scrolling fusion-equal-height-columns\" style=\"--awb-background-position:center bottom;--awb-border-sizes-top:0px;--awb-border-sizes-bottom:0px;--awb-border-sizes-left:0px;--awb-border-sizes-right:0px;--awb-border-radius-top-left:0px;--awb-border-radius-top-right:0px;--awb-border-radius-bottom-right:0px;--awb-border-radius-bottom-left:0px;--awb-padding-top:30px;--awb-padding-bottom:10px;--awb-background-color:#1e69b2;--awb-flex-wrap:wrap;\" ><div class=\"fusion-builder-row fusion-row\"><div class=\"fusion-layout-column fusion_builder_column fusion-builder-column-0 fusion_builder_column_1_1 1_1 fusion-one-full fusion-column-first fusion-column-last fusion-column-no-min-height\" style=\"--awb-bg-size:cover;--awb-margin-bottom:0px;\"><div class=\"fusion-column-wrapper fusion-flex-column-wrapper-legacy\"><div class=\"fusion-text fusion-text-1\"><h2><span style=\"color: #ffffff;\">Une question ?<\/span><\/h2>\n<p><span style=\"color: #ffffff;\">Que vous vouliez travailler avec nous\u00a0ou que vous ayez besoin d\u2019informations, nous sommes \u00e0 votre \u00e9coute. Du concept \u00e0 la cr\u00e9ation, laissez-nous vous inspirer. <\/span><\/p>\n<\/div>\n<div class=\"wpcf7 no-js\" id=\"wpcf7-f153-o1\" lang=\"en-US\" dir=\"ltr\">\n<div class=\"screen-reader-response\"><p role=\"status\" aria-live=\"polite\" aria-atomic=\"true\"><\/p> <ul><\/ul><\/div>\n<form action=\"\/index.php\/wp-json\/wp\/v2\/pages\/15#wpcf7-f153-o1\" method=\"post\" class=\"wpcf7-form init demo\" aria-label=\"Contact form\" novalidate=\"novalidate\" data-status=\"init\">\n<div style=\"display: none;\">\n<input type=\"hidden\" name=\"_wpcf7\" value=\"153\" \/>\n<input type=\"hidden\" name=\"_wpcf7_version\" value=\"5.7.7\" \/>\n<input type=\"hidden\" name=\"_wpcf7_locale\" value=\"en_US\" \/>\n<input type=\"hidden\" name=\"_wpcf7_unit_tag\" value=\"wpcf7-f153-o1\" \/>\n<input type=\"hidden\" name=\"_wpcf7_container_post\" value=\"0\" \/>\n<input type=\"hidden\" name=\"_wpcf7_posted_data_hash\" value=\"\" \/>\n<\/div>\n<div style=\"color: #fff; text-transform: uppercase;\">\n\t<p>Nom\n\t<\/p>\n\t<p><span class=\"wpcf7-form-control-wrap\" data-name=\"your-name\"><input size=\"40\" class=\"wpcf7-form-control wpcf7-text wpcf7-validates-as-required\" aria-required=\"true\" aria-invalid=\"false\" value=\"\" type=\"text\" name=\"your-name\" \/><\/span>\n\t<\/p>\n\t<p>Mail\n\t<\/p>\n\t<p><span class=\"wpcf7-form-control-wrap\" data-name=\"your-email\"><input size=\"40\" class=\"wpcf7-form-control wpcf7-text wpcf7-email wpcf7-validates-as-required wpcf7-validates-as-email\" aria-required=\"true\" aria-invalid=\"false\" value=\"\" type=\"email\" name=\"your-email\" \/><\/span>\n\t<\/p>\n\t<p>MESSAGE\n\t<\/p>\n\t<p><span class=\"wpcf7-form-control-wrap\" data-name=\"your-message\"><textarea cols=\"40\" rows=\"10\" class=\"wpcf7-form-control wpcf7-textarea\" aria-invalid=\"false\" name=\"your-message\"><\/textarea><\/span>\n\t<\/p>\n\t<p><input class=\"wpcf7-form-control has-spinner wpcf7-submit\" type=\"submit\" value=\"Envoyer\" \/>\n\t<\/p>\n<\/div><div class=\"fusion-alert alert custom alert-custom fusion-alert-center wpcf7-response-output fusion-alert-capitalize awb-alert-native-link-color alert-dismissable awb-alert-close-boxed\" style=\"--awb-border-size:1px;--awb-border-top-left-radius:0px;--awb-border-top-right-radius:0px;--awb-border-bottom-left-radius:0px;--awb-border-bottom-right-radius:0px;\" role=\"alert\"><div class=\"fusion-alert-content-wrapper\"><span class=\"fusion-alert-content\"><\/span><\/div><button type=\"button\" class=\"close toggle-alert\" data-dismiss=\"alert\" aria-label=\"Close\">&times;<\/button><\/div>\n<\/form>\n<\/div>\n<div class=\"fusion-clearfix\"><\/div><\/div><\/div><div class=\"fusion-layout-column fusion_builder_column fusion-builder-column-1 fusion_builder_column_1_1 1_1 fusion-one-full fusion-column-first fusion-column-last fusion-column-no-min-height\" style=\"--awb-bg-size:cover;--awb-margin-bottom:0px;\"><div class=\"fusion-column-wrapper fusion-flex-column-wrapper-legacy\"><div class=\"fusion-text fusion-text-2\"><h2><span style=\"color: #ffffff;\">Pr\u00e9sent dans toute la France<\/span><\/h2>\n<p><span style=\"color: #ffffff;\">Venez nous rendre visite !<\/span><\/p>\n<\/div><div class=\"fusion-clearfix\"><\/div><\/div><\/div><div class=\"fusion-layout-column fusion_builder_column fusion-builder-column-2 fusion_builder_column_1_4 1_4 fusion-one-fourth fusion-column-first\" style=\"--awb-bg-size:cover;width:25%;width:calc(25% - ( ( 4% + 4% + 4% ) * 0.25 ) );margin-right: 4%;\"><div class=\"fusion-column-wrapper fusion-flex-column-wrapper-legacy\"><iframe src=\"https:\/\/www.google.com\/maps\/embed?pb=!1m18!1m12!1m3!1d2623.987461113755!2d2.3261357154317994!3d48.877515579289415!2m3!1f0!2f0!3f0!3m2!1i1024!2i768!4f13.1!3m3!1m2!1s0x47e66e4a11719c67%3A0x1c0e68c395d08133!2s26+Rue+de+Londres%2C+75009+Paris!5e0!3m2!1sfr!2sfr!4v1493978242016\" width=\"320\" height=\"400\" frameborder=\"0\" style=\"border:0\" allowfullscreen><\/iframe><div class=\"fusion-text fusion-text-3\"><p><strong><span style=\"color: #ffffff;\">Si\u00e8ge ARIAL Industries:<\/span><\/strong><br \/>\n<span style=\"color: #ffffff;\">26-28 rue de Londres, <\/span><br \/>\n<span style=\"color: #ffffff;\">75009 Paris<\/span><br \/>\n<span style=\"color: #ffffff;\">01.78.42.40.40<\/span><\/p>\n<\/div><div class=\"fusion-clearfix\"><\/div><\/div><\/div><div class=\"fusion-layout-column fusion_builder_column fusion-builder-column-3 fusion_builder_column_1_4 1_4 fusion-one-fourth\" style=\"--awb-bg-size:cover;width:25%;width:calc(25% - ( ( 4% + 4% + 4% ) * 0.25 ) );margin-right: 4%;\"><div class=\"fusion-column-wrapper fusion-flex-column-wrapper-legacy\"><iframe src=\"https:\/\/www.google.com\/maps\/embed?pb=!1m18!1m12!1m3!1d5256.949148527898!2d2.0488723124587085!3d48.79192047120355!2m3!1f0!2f0!3f0!3m2!1i1024!2i768!4f13.1!3m3!1m2!1s0x47e687262d98d843%3A0x4e8b38b16d022264!2s1bis%20Sq.%20Benjamin%20Franklin%2C%2078180%20Montigny-le-Bretonneux!5e0!3m2!1sfr!2sfr!4v1726820246851!5m2!1sfr!2sfr\" width=\"320\" height=\"400\" frameborder=\"0\" style=\"border:0;\" allowfullscreen=\"\"><\/iframe><div class=\"fusion-text fusion-text-4\"><p><strong><span style=\"color: #ffffff;\">Agence Ile-de-France:<\/span><\/strong><br \/>\n<span style=\"color: #ffffff;\">1 bis Qs Benjamin Franklin<br \/>\n78180 Montigny-le-Bretonneux<\/span><br \/>\n<span style=\"color: #ffffff;\">07 57 81 24 84<\/span><\/p>\n<\/div><div class=\"fusion-clearfix\"><\/div><\/div><\/div><div class=\"fusion-layout-column fusion_builder_column fusion-builder-column-4 fusion_builder_column_1_4 1_4 fusion-one-fourth\" style=\"--awb-bg-size:cover;width:25%;width:calc(25% - ( ( 4% + 4% + 4% ) * 0.25 ) );margin-right: 4%;\"><div class=\"fusion-column-wrapper fusion-flex-column-wrapper-legacy\"><iframe src=\"https:\/\/www.google.com\/maps\/embed?pb=!1m18!1m12!1m3!1d5571.222381964314!2d4.931092512310941!3d45.71883637095874!2m3!1f0!2f0!3f0!3m2!1i1024!2i768!4f13.1!3m3!1m2!1s0x47f4c3e17054d045%3A0x66957c3fc4043f62!2s9%20All.%20Ir%C3%A8ne%20Joliot-Curie%2C%2069800%20Saint-Priest!5e0!3m2!1sfr!2sfr!4v1726819675553!5m2!1sfr!2sfr\" width=\"320\" height=\"400\" frameborder=\"0\" style=\"border:0;\" allowfullscreen=\"\"><\/iframe><div class=\"fusion-text fusion-text-5\"><p><strong><span style=\"color: #ffffff;\">Agence Rhone-Alpes:<\/span><\/strong><br \/>\n<span style=\"color: #ffffff;\">9 All\u00e9e Ir\u00e8ne Joliot Curie<br \/>\n69800 Saint-Priest<\/span><br \/>\n<span style=\"color: #ffffff;\">06 83 96 62 00<\/span><\/p>\n<\/div><div class=\"fusion-clearfix\"><\/div><\/div><\/div><div class=\"fusion-layout-column fusion_builder_column fusion-builder-column-5 fusion_builder_column_1_4 1_4 fusion-one-fourth fusion-column-last\" style=\"--awb-bg-size:cover;width:25%;width:calc(25% - ( ( 4% + 4% + 4% ) * 0.25 ) );\"><div class=\"fusion-column-wrapper fusion-flex-column-wrapper-legacy\"><iframe src=\"https:\/\/www.google.com\/maps\/embed?pb=!1m18!1m12!1m3!1d2887.852627196723!2d1.3412631154969992!3d43.63042617912202!2m3!1f0!2f0!3f0!3m2!1i1024!2i768!4f13.1!3m3!1m2!1s0x12aeafdf46e0660d%3A0xa69bee31af7aa9fa!2s57%20Avenue%20Jean%20Monnet%2C%2031770%20Colomiers!5e0!3m2!1sfr!2sfr!4v1583509680995!5m2!1sfr!2sfr\" width=\"320\" height=\"400\" frameborder=\"0\" style=\"border:0;\" allowfullscreen=\"\"><\/iframe><div class=\"fusion-text fusion-text-6\"><p><strong><span style=\"color: #ffffff;\">Agence Sud-Ouest:<\/span><\/strong><br \/>\n<span style=\"color: #ffffff;\">Green Park, 57 avenue Jean Monnet,<br \/>\n31770 Colomiers<\/span><br \/>\n<span style=\"color: #ffffff;\">07 86 94 03 16<\/span><\/p>\n<\/div><div class=\"fusion-clearfix\"><\/div><\/div><\/div><div class=\"fusion-layout-column fusion_builder_column fusion-builder-column-6 fusion_builder_column_1_3 1_3 fusion-one-third fusion-column-first\" style=\"--awb-bg-size:cover;width:33.333333333333%;width:calc(33.333333333333% - ( ( 4% + 4% ) * 0.33333333333333 ) );margin-right: 4%;\"><div class=\"fusion-column-wrapper fusion-flex-column-wrapper-legacy\"><iframe src=\"https:\/\/www.google.com\/maps\/embed?pb=!1m18!1m12!1m3!1d2892.8251691510814!2d5.404648115873361!3d43.526838379125785!2m3!1f0!2f0!3f0!3m2!1i1024!2i768!4f13.1!3m3!1m2!1s0x12c98d47a5f6ebc3%3A0xd0d28f7e19e6285d!2sRue+de+la+tramontane%2C+13090+Aix-en-Provence!5e0!3m2!1sfr!2sfr!4v1560892738894!5m2!1sfr!2sfr\" width=\"320\" height=\"400\" frameborder=\"0\" style=\"border:0\" allowfullscreen><\/iframe><div class=\"fusion-text fusion-text-7\"><p><strong><span style=\"color: #ffffff;\">Agence PACA:<\/span><\/strong><br \/>\n<span style=\"color: #ffffff;\">70 rue de la Tramontane,<br \/>\n13090 Aix en Provence<\/span><br \/>\n<span style=\"color: #ffffff;\">06 63 59 41 79<\/span><\/p>\n<\/div><div class=\"fusion-clearfix\"><\/div><\/div><\/div><div class=\"fusion-layout-column fusion_builder_column fusion-builder-column-7 fusion_builder_column_1_3 1_3 fusion-one-third\" style=\"--awb-bg-size:cover;width:33.333333333333%;width:calc(33.333333333333% - ( ( 4% + 4% ) * 0.33333333333333 ) );margin-right: 4%;\"><div class=\"fusion-column-wrapper fusion-flex-column-wrapper-legacy\"><iframe src=\"https:\/\/www.google.com\/maps\/embed?pb=!1m18!1m12!1m3!1d2885.595692492795!2d5.500492812216927!3d43.67737777098054!2m3!1f0!2f0!3f0!3m2!1i1024!2i768!4f13.1!3m3!1m2!1s0x12ca276b4e916b05%3A0x5fb4e0eccd1ee213!2s240%20Rue%20Fran%C3%A7ois%20Gernelle%2C%2084120%20Pertuis!5e0!3m2!1sfr!2sfr!4v1726819569139!5m2!1sfr!2sfr\" width=\"320\" height=\"400\" style=\"border:0;\" allowfullscreen=\"\" loading=\"lazy\" referrerpolicy=\"no-referrer-when-downgrade\"><\/iframe><div class=\"fusion-text fusion-text-8\"><p><strong><span style=\"color: #ffffff;\">Agence Pertuis:<\/span><\/strong><br \/>\n<span style=\"color: #ffffff;\">240 Rue Fran\u00e7ois Gernelle,<br \/>\n84120 Pertuis<\/span><br \/>\n<span style=\"color: #ffffff;\">06 63 59 41 79<\/span><\/p>\n<\/div><div class=\"fusion-clearfix\"><\/div><\/div><\/div><div class=\"fusion-layout-column fusion_builder_column fusion-builder-column-8 fusion_builder_column_1_3 1_3 fusion-one-third fusion-column-last\" style=\"--awb-bg-size:cover;width:33.333333333333%;width:calc(33.333333333333% - ( ( 4% + 4% ) * 0.33333333333333 ) );\"><div class=\"fusion-column-wrapper fusion-flex-column-wrapper-legacy\"><iframe src=\"https:\/\/www.google.com\/maps\/embed?pb=!1m18!1m12!1m3!1d2993.685242879557!2d2.183063612115221!3d41.38092277118105!2m3!1f0!2f0!3f0!3m2!1i1024!2i768!4f13.1!3m3!1m2!1s0x12a4a300710fda87%3A0x7e9f5fe07f3b841f!2sPier%2001%20Barcelona%20Tech%20City!5e0!3m2!1sfr!2sfr!4v1726820478021!5m2!1sfr!2sfr\" width=\"320\" height=\"400\" style=\"border:0;\" allowfullscreen=\"\" loading=\"lazy\" referrerpolicy=\"no-referrer-when-downgrade\"><\/iframe><div class=\"fusion-text fusion-text-9\"><p><strong><span style=\"color: #ffffff;\">Agence Barcelone:<\/span><\/strong><br \/>\n<span style=\"color: #ffffff;\">BCN TechCity,<br \/>\n08004 Barcelone Espagne<\/span><br \/>\n<span style=\"color: #ffffff;\">06 63 59 41 79<\/span><\/p>\n<\/div><div class=\"fusion-clearfix\"><\/div><\/div><\/div><\/div><\/div>\n","protected":false},"excerpt":{"rendered":"","protected":false},"author":1,"featured_media":0,"parent":0,"menu_order":0,"comment_status":"closed","ping_status":"open","template":"100-width.php","meta":[],"_links":{"self":[{"href":"https:\/\/arial-industries.com\/index.php\/wp-json\/wp\/v2\/pages\/15"}],"collection":[{"href":"https:\/\/arial-industries.com\/index.php\/wp-json\/wp\/v2\/pages"}],"about":[{"href":"https:\/\/arial-industries.com\/index.php\/wp-json\/wp\/v2\/types\/page"}],"author":[{"embeddable":true,"href":"https:\/\/arial-industries.com\/index.php\/wp-json\/wp\/v2\/users\/1"}],"replies":[{"embeddable":true,"href":"https:\/\/arial-industries.com\/index.php\/wp-json\/wp\/v2\/comments?post=15"}],"version-history":[{"count":31,"href":"https:\/\/arial-industries.com\/index.php\/wp-json\/wp\/v2\/pages\/15\/revisions"}],"predecessor-version":[{"id":3575,"href":"https:\/\/arial-industries.com\/index.php\/wp-json\/wp\/v2\/pages\/15\/revisions\/3575"}],"wp:attachment":[{"href":"https:\/\/arial-industries.com\/index.php\/wp-json\/wp\/v2\/media?parent=15"}],"curies":[{"name":"wp","href":"https:\/\/api.w.org\/{rel}","templated":true}]}}