{"id":643,"date":"2015-07-01T01:47:30","date_gmt":"2015-07-01T01:47:30","guid":{"rendered":"https:\/\/avada.theme-fusion.com\/architecture\/?page_id=643"},"modified":"2017-05-02T09:54:22","modified_gmt":"2017-05-02T07:54:22","slug":"transports","status":"publish","type":"page","link":"http:\/\/arial-industries.com\/index.php\/transports","title":{"rendered":"Transports"},"content":{"rendered":"<p><div class=\"fusion-bg-parallax\" data-bg-align=\"left bottom\" data-direction=\"up\" data-mute=\"false\" data-opacity=\"100\" data-velocity=\"-0.3\" data-mobile-enabled=\"false\" data-break_parents=\"0\" data-bg-image=\"http:\/\/arial-industries.com\/wp-content\/uploads\/2015\/02\/web05.jpg\" data-bg-repeat=\"false\" ><\/div><div class=\"fusion-fullwidth fullwidth-box fusion-builder-row-1 fusion-parallax-up nonhundred-percent-fullwidth non-hundred-percent-height-scrolling\" style=\"--awb-background-position:left bottom;--awb-border-radius-top-left:0px;--awb-border-radius-top-right:0px;--awb-border-radius-bottom-right:0px;--awb-border-radius-bottom-left:0px;--awb-padding-top:130px;--awb-padding-bottom:120px;--awb-background-image:url(&quot;http:\/\/arial-industries.com\/wp-content\/uploads\/2015\/02\/web05.jpg&quot;);--awb-background-size:cover;--awb-border-sizes-top:0px;--awb-border-sizes-bottom:0px;--awb-flex-wrap:wrap;\" ><div class=\"fusion-builder-row fusion-row\"><div class=\"fusion-layout-column fusion_builder_column fusion-builder-column-0 fusion_builder_column_1_2 1_2 fusion-one-half fusion-column-first\" style=\"--awb-bg-size:cover;width:48%; margin-right: 4%;\"><div class=\"fusion-column-wrapper fusion-flex-column-wrapper-legacy\"><div class=\"fusion-text fusion-text-1\"><h2><span style=\"color: #ffffff;\">Transports<\/span><\/h2>\n<\/div><div class=\"fusion-sep-clear\"><\/div><div class=\"fusion-separator fusion-full-width-sep\" style=\"margin-left: auto;margin-right: auto;margin-top:20px;width:100%;\"><\/div><div class=\"fusion-sep-clear\"><\/div><div class=\"fusion-text fusion-text-2\"><\/div><div class=\"fusion-clearfix\"><\/div><\/div><\/div><div class=\"fusion-layout-column fusion_builder_column fusion-builder-column-1 fusion_builder_column_1_2 1_2 fusion-one-half fusion-column-last\" style=\"--awb-bg-size:cover;width:48%;\"><div class=\"fusion-column-wrapper fusion-flex-column-wrapper-legacy\"><div class=\"fusion-clearfix\"><\/div><\/div><\/div><\/div><\/div><div class=\"fusion-fullwidth fullwidth-box fusion-builder-row-2 hide nonhundred-percent-fullwidth non-hundred-percent-height-scrolling\" style=\"--awb-background-position:left top;--awb-border-radius-top-left:0px;--awb-border-radius-top-right:0px;--awb-border-radius-bottom-right:0px;--awb-border-radius-bottom-left:0px;--awb-padding-top:130px;--awb-padding-bottom:130px;--awb-border-sizes-top:0px;--awb-border-sizes-bottom:0px;--awb-flex-wrap:wrap;\" ><div class=\"fusion-builder-row fusion-row\"><div class=\"fusion-layout-column fusion_builder_column fusion-builder-column-2 fusion_builder_column_2_3 2_3 fusion-two-third fusion-column-first\" style=\"--awb-bg-size:cover;width:65.3333%; margin-right: 4%;\"><div class=\"fusion-column-wrapper fusion-flex-column-wrapper-legacy\"><div class=\"fusion-text fusion-text-3\"><h2>BUILDING PERFECTION<\/h2>\n<\/div><div class=\"fusion-sep-clear\"><\/div><div class=\"fusion-separator fusion-clearfix\" style=\"float:left;margin-top:0px;margin-bottom:35px;width:100%;max-width:170px;\"><div class=\"fusion-separator-border sep-single sep-solid\" style=\"--awb-height:20px;--awb-amount:20px;--awb-sep-color:#e2e3e8;border-color:#e2e3e8;border-top-width:3px;\"><\/div><\/div><div class=\"fusion-sep-clear\"><\/div><div class=\"fusion-text fusion-text-4\"><h3><em>An international firm of architects, planners and interior designers specialising in a wide range of commercial, residential and public sector projects.<\/em><\/h3>\n<\/div><div class=\"fusion-text fusion-text-5\"><h2><\/h2>\n<p>Etiam purus lorem, aliquet a eros sit amet, vestibulum finibus augue. Cras egestas neque vitae dui tincidunt, vitae tristique tellus volutpat. Fusce justo ante, interdum in augue in, commodo imperdiet turpis. Maecenas justo neque, efficitur sit amet scelerisque eu, ornare a justo. Morbi scelerisque ex ut consequat vestibulum. Cum sociis natoque penatibus et magnis dis parturient montes, nascetur ridiculus mus. Praesent vel augue rutrum, scelerisque velit non, interdum nisl. Nunc acumsan comodo.<\/p>\n<\/div><div class=\"fusion-clearfix\"><\/div><\/div><\/div><div class=\"fusion-layout-column fusion_builder_column fusion-builder-column-3 fusion_builder_column_1_3 1_3 fusion-one-third fusion-column-last\" style=\"--awb-bg-size:cover;width:30.6666%;\"><div class=\"fusion-column-wrapper fusion-flex-column-wrapper-legacy\"><div class=\"fusion-image-element in-legacy-container\" style=\"--awb-caption-title-font-family:var(--h2_typography-font-family);--awb-caption-title-font-weight:var(--h2_typography-font-weight);--awb-caption-title-font-style:var(--h2_typography-font-style);--awb-caption-title-size:var(--h2_typography-font-size);--awb-caption-title-transform:var(--h2_typography-text-transform);--awb-caption-title-line-height:var(--h2_typography-line-height);--awb-caption-title-letter-spacing:var(--h2_typography-letter-spacing);\"><span class=\" fusion-imageframe imageframe-none imageframe-1 hover-type-zoomin fusion-animated\" data-animationType=\"fadeInDown\" data-animationDuration=\"1.0\" data-animationOffset=\"top-into-view\"><a href=\"http:\/\/arial-industries.com\/wp-content\/uploads\/2015\/02\/image6.jpg\" class=\"fusion-lightbox\" data-rel=\"iLightbox[e14bf7e7b6691e9c742]\" data-caption=\"\"><img decoding=\"async\" src=\"http:\/\/arial-industries.com\/wp-content\/uploads\/2015\/02\/image6.jpg\" alt class=\"img-responsive wp-image-372\"\/><\/a><\/span><\/div><div class=\"fusion-clearfix\"><\/div><\/div><\/div><\/div><\/div><div class=\"fusion-fullwidth fullwidth-box fusion-builder-row-3 fusion-parallax-none hide nonhundred-percent-fullwidth non-hundred-percent-height-scrolling\" style=\"--awb-background-position:center bottom;--awb-border-radius-top-left:0px;--awb-border-radius-top-right:0px;--awb-border-radius-bottom-right:0px;--awb-border-radius-bottom-left:0px;--awb-padding-top:110px;--awb-padding-bottom:50px;--awb-background-image:url(&quot;http:\/\/arial-industries.com\/wp-content\/uploads\/2015\/07\/home09.png&quot;);--awb-background-size:cover;--awb-border-sizes-top:0px;--awb-border-sizes-bottom:0px;--awb-flex-wrap:wrap;\" ><div class=\"fusion-builder-row fusion-row\"><div class=\"fusion-layout-column fusion_builder_column fusion-builder-column-4 fusion_builder_column_1_3 1_3 fusion-one-third fusion-column-first\" style=\"--awb-bg-position:right center;--awb-bg-size:cover;--awb-border-color:#ffffff;--awb-border-right:3px;--awb-border-style:solid;--awb-margin-bottom:0px;width:30.6666%; margin-right: 4%;\"><div class=\"fusion-column-wrapper fusion-flex-column-wrapper-legacy\"><div class=\"fusion-text fusion-text-6\"><p>AUTOMOBILE<\/p>\n<\/div><div class=\"fusion-clearfix\"><\/div><\/div><\/div><div class=\"fusion-layout-column fusion_builder_column fusion-builder-column-5 fusion_builder_column_2_3 2_3 fusion-two-third fusion-column-last\" style=\"--awb-bg-size:cover;--awb-margin-bottom:100px;width:65.3333%;\"><div class=\"fusion-column-wrapper fusion-flex-column-wrapper-legacy\"><div class=\"fusion-clearfix\"><\/div><\/div><\/div><\/div><\/div><div class=\"fusion-fullwidth fullwidth-box fusion-builder-row-4 hide nonhundred-percent-fullwidth non-hundred-percent-height-scrolling\" style=\"--awb-border-radius-top-left:0px;--awb-border-radius-top-right:0px;--awb-border-radius-bottom-right:0px;--awb-border-radius-bottom-left:0px;--awb-padding-top:20px;--awb-padding-bottom:20px;--awb-flex-wrap:wrap;\" ><div class=\"fusion-builder-row fusion-row\"><div class=\"fusion-layout-column fusion_builder_column fusion-builder-column-6 fusion_builder_column_1_1 1_1 fusion-one-full fusion-column-first fusion-column-last\" style=\"--awb-bg-size:cover;\"><div class=\"fusion-column-wrapper fusion-flex-column-wrapper-legacy\"><div class=\"fusion-text fusion-text-7\"><div id=\"TheTexte\" class=\"Texte\" lang=\"zxx\">\n<p>Et quia Montius inter dilancinantium manus spiritum efflaturus Epigonum et Eusebium nec professionem nec dignitatem ostendens aliquotiens increpabat, qui sint hi magna quaerebatur industria, et nequid intepesceret, Epigonus e Lycia philosophus ducitur et Eusebius ab Emissa Pittacas cognomento, concitatus orator, cum quaestor non hos sed tribunos fabricarum insimulasset promittentes armorum si novas res agitari conperissent.<\/p>\n<\/div>\n<\/div><div class=\"fusion-clearfix\"><\/div><\/div><\/div><\/div><\/div><div class=\"fusion-fullwidth fullwidth-box fusion-builder-row-5 nonhundred-percent-fullwidth non-hundred-percent-height-scrolling\" style=\"--awb-border-radius-top-left:0px;--awb-border-radius-top-right:0px;--awb-border-radius-bottom-right:0px;--awb-border-radius-bottom-left:0px;--awb-padding-top:20px;--awb-padding-bottom:20px;--awb-flex-wrap:wrap;\" ><div class=\"fusion-builder-row fusion-row\"><div class=\"fusion-layout-column fusion_builder_column fusion-builder-column-7 fusion_builder_column_1_1 1_1 fusion-one-full fusion-column-first fusion-column-last\" style=\"--awb-bg-size:cover;\"><div class=\"fusion-column-wrapper fusion-flex-column-wrapper-legacy\"><div class=\"fusion-text fusion-text-8\"><h3><strong><u>Transports <\/u><\/strong><\/h3>\n<p>ARIAL Industries propose des prestations d\u2019ing\u00e9nierie d\u00e9di\u00e9es au transport dans les m\u00e9tiers de :<\/p>\n<ul>\n<li>La Conception m\u00e9canique<\/li>\n<li>L\u2019Installation \u00e9lectrique<\/li>\n<li>Le Calcul<\/li>\n<li>Les logiciels embarqu\u00e9s<\/li>\n<li>Les tests<\/li>\n<\/ul>\n<p>ARIAL intervient aupr\u00e8s des principaux acteurs du march\u00e9 sur l\u2019ensemble des services Ing\u00e9nierie.<\/p>\n<p>Exemples de r\u00e9alisations pour le secteur Ferroviaire, Automobile<\/p>\n<ul>\n<li>Conception de bancs d\u2019essais, Automatisation et contr\u00f4le commande<\/li>\n<li>Conception et Calculs sur des Bogies<\/li>\n<li>Installation Electrique pour les tramways Alstom et pour Renault, incluant la sch\u00e9matique<\/li>\n<li>Etudes et calculs d\u2019optimisation Moteur<\/li>\n<li>Conception et \u00e9tudes d\u00e9taill\u00e9es de m\u00e9canismes de fauteuils FAURECIA<\/li>\n<li>Proc\u00e9d\u00e9s d\u2019injections plastiques et matelassure<\/li>\n<li>Outillage de manutention et maintenance<\/li>\n<\/ul>\n<p>ARIAL investit dans l\u2019innovation<\/p>\n<p>D\u00e9p\u00f4t d\u2019enveloppe SOLEAU sur un dispositif de d\u00e9tection de collision.<\/p>\n<p><img decoding=\"async\" class=\"pers-size alignnone size-full wp-image-1140\" src=\"http:\/\/arial-industries.com\/wp-content\/uploads\/2015\/06\/transport.jpg\" alt=\"Sens, France - 15 September: A french high speed train passing through a field.\" width=\"1920\" height=\"1200\" \/><\/p>\n<\/div><div class=\"fusion-clearfix\"><\/div><\/div><\/div><\/div><\/div><\/p>\n","protected":false},"excerpt":{"rendered":"","protected":false},"author":1,"featured_media":0,"parent":0,"menu_order":0,"comment_status":"closed","ping_status":"open","template":"100-width.php","meta":[],"_links":{"self":[{"href":"http:\/\/arial-industries.com\/index.php\/wp-json\/wp\/v2\/pages\/643"}],"collection":[{"href":"http:\/\/arial-industries.com\/index.php\/wp-json\/wp\/v2\/pages"}],"about":[{"href":"http:\/\/arial-industries.com\/index.php\/wp-json\/wp\/v2\/types\/page"}],"author":[{"embeddable":true,"href":"http:\/\/arial-industries.com\/index.php\/wp-json\/wp\/v2\/users\/1"}],"replies":[{"embeddable":true,"href":"http:\/\/arial-industries.com\/index.php\/wp-json\/wp\/v2\/comments?post=643"}],"version-history":[{"count":12,"href":"http:\/\/arial-industries.com\/index.php\/wp-json\/wp\/v2\/pages\/643\/revisions"}],"predecessor-version":[{"id":1595,"href":"http:\/\/arial-industries.com\/index.php\/wp-json\/wp\/v2\/pages\/643\/revisions\/1595"}],"wp:attachment":[{"href":"http:\/\/arial-industries.com\/index.php\/wp-json\/wp\/v2\/media?parent=643"}],"curies":[{"name":"wp","href":"https:\/\/api.w.org\/{rel}","templated":true}]}}