{"id":555,"date":"2015-06-30T20:11:12","date_gmt":"2015-06-30T20:11:12","guid":{"rendered":"https:\/\/avada.theme-fusion.com\/architecture\/?page_id=555"},"modified":"2017-05-02T09:51:23","modified_gmt":"2017-05-02T07:51:23","slug":"energie","status":"publish","type":"page","link":"http:\/\/arial-industries.com\/index.php\/energie","title":{"rendered":"\u00c9NERGIE"},"content":{"rendered":"<p><div class=\"fusion-bg-parallax\" data-bg-align=\"center bottom\" data-direction=\"up\" data-mute=\"false\" data-opacity=\"100\" data-velocity=\"-0.3\" data-mobile-enabled=\"false\" data-break_parents=\"0\" data-bg-image=\"http:\/\/arial-industries.com\/wp-content\/uploads\/2015\/02\/web02.jpg\" data-bg-repeat=\"false\" ><\/div><div class=\"fusion-fullwidth fullwidth-box fusion-builder-row-1 fusion-parallax-up nonhundred-percent-fullwidth non-hundred-percent-height-scrolling\" style=\"--awb-background-position:center bottom;--awb-border-radius-top-left:0px;--awb-border-radius-top-right:0px;--awb-border-radius-bottom-right:0px;--awb-border-radius-bottom-left:0px;--awb-padding-top:130px;--awb-padding-bottom:120px;--awb-background-image:url(&quot;http:\/\/arial-industries.com\/wp-content\/uploads\/2015\/02\/web02.jpg&quot;);--awb-background-size:cover;--awb-border-sizes-top:0px;--awb-border-sizes-bottom:0px;--awb-flex-wrap:wrap;\" ><div class=\"fusion-builder-row fusion-row\"><div class=\"fusion-layout-column fusion_builder_column fusion-builder-column-0 fusion_builder_column_1_2 1_2 fusion-one-half fusion-column-first\" style=\"--awb-bg-size:cover;width:48%; margin-right: 4%;\"><div class=\"fusion-column-wrapper fusion-flex-column-wrapper-legacy\"><div class=\"fusion-text fusion-text-1\"><h2><span style=\"color: #ffffff;\">ENERGIE<\/span><\/h2>\n<\/div><div class=\"fusion-sep-clear\"><\/div><div class=\"fusion-separator fusion-full-width-sep\" style=\"margin-left: auto;margin-right: auto;margin-top:20px;width:100%;\"><\/div><div class=\"fusion-sep-clear\"><\/div><div class=\"fusion-text fusion-text-2\"><\/div><div class=\"fusion-clearfix\"><\/div><\/div><\/div><\/div><\/div><div class=\"fusion-fullwidth fullwidth-box fusion-builder-row-2 hide nonhundred-percent-fullwidth non-hundred-percent-height-scrolling fusion-equal-height-columns\" style=\"--awb-background-position:left top;--awb-border-radius-top-left:0px;--awb-border-radius-top-right:0px;--awb-border-radius-bottom-right:0px;--awb-border-radius-bottom-left:0px;--awb-padding-top:130px;--awb-padding-bottom:130px;--awb-border-sizes-top:0px;--awb-border-sizes-bottom:0px;--awb-flex-wrap:wrap;\" ><div class=\"fusion-builder-row fusion-row\"><div class=\"fusion-layout-column fusion_builder_column fusion-builder-column-1 fusion_builder_column_1_5 1_5 fusion-one-fifth fusion-column-first\" style=\"--awb-bg-size:cover;width:20%;width:calc(20% - ( ( 4% + 4% ) * 0.2 ) );margin-right: 4%;\"><div class=\"fusion-column-wrapper fusion-flex-column-wrapper-legacy\"><div class=\"fusion-clearfix\"><\/div><\/div><\/div><div class=\"fusion-layout-column fusion_builder_column fusion-builder-column-2 fusion_builder_column_2_5 2_5 fusion-two-fifth\" style=\"--awb-bg-size:cover;width:40%;width:calc(40% - ( ( 4% + 4% ) * 0.4 ) );margin-right: 4%;\"><div class=\"fusion-column-wrapper fusion-flex-column-wrapper-legacy\"><div class=\"fusion-text fusion-text-3\"><p><u><b>Conception M\u00e9canique<\/b><\/u><\/p>\n<ul>\n<li>Avant projets<\/li>\n<li>Conception CAO (Catia V5, SOLIDWORKS, PTC CREO)<\/li>\n<li>Mise en plan , cotation fonctionnelle, tol\u00e9rancement<\/li>\n<li>Calculs El\u00e9ments finis (lin\u00e9aire, non lin\u00e9aire, dynamique, sismique, transitoire, thermique)<\/li>\n<li>Calculs de structure(ASME, CM66, EUROCODES, RCC-M)<\/li>\n<li>Conception d\u2019outillages et bancs d\u2019essai<\/li>\n<li>Usine virtuelle et simulation de flux avec DELMIA<\/li>\n<li>Suivi de projet<\/li>\n<li><b>Expertise RCCM-R <\/b>(conception et calcul, soudures)<\/li>\n<\/ul>\n<\/div><div class=\"fusion-clearfix\"><\/div><\/div><\/div><div class=\"fusion-layout-column fusion_builder_column fusion-builder-column-3 fusion_builder_column_1_5 1_5 fusion-one-fifth fusion-column-last fusion-column-no-min-height\" style=\"--awb-bg-size:cover;width:20%;width:calc(20% - ( ( 4% + 4% ) * 0.2 ) );\"><div class=\"fusion-column-wrapper fusion-flex-column-wrapper-legacy\"><div class=\"fusion-column-content-centered\"><div class=\"fusion-column-content\"><div class=\"fusion-image-element in-legacy-container\" style=\"--awb-caption-title-font-family:var(--h2_typography-font-family);--awb-caption-title-font-weight:var(--h2_typography-font-weight);--awb-caption-title-font-style:var(--h2_typography-font-style);--awb-caption-title-size:var(--h2_typography-font-size);--awb-caption-title-transform:var(--h2_typography-text-transform);--awb-caption-title-line-height:var(--h2_typography-line-height);--awb-caption-title-letter-spacing:var(--h2_typography-letter-spacing);\"><span class=\" fusion-imageframe imageframe-none imageframe-1 hover-type-zoomin fusion-animated\" data-animationType=\"fadeInDown\" data-animationDuration=\"1.0\" data-animationOffset=\"top-into-view\"><a href=\"http:\/\/arial-industries.com\/wp-content\/uploads\/2015\/06\/energie01.png\" class=\"fusion-lightbox\" data-rel=\"iLightbox[ca8fb6088b1dca0e3bd]\" data-title=\"energie01\" title=\"energie01\"><img decoding=\"async\" width=\"142\" height=\"96\" src=\"http:\/\/arial-industries.com\/wp-content\/uploads\/2015\/06\/energie01.png\" alt class=\"img-responsive wp-image-944\"\/><\/a><\/span><\/div><div class=\"fusion-image-element in-legacy-container\" style=\"--awb-caption-title-font-family:var(--h2_typography-font-family);--awb-caption-title-font-weight:var(--h2_typography-font-weight);--awb-caption-title-font-style:var(--h2_typography-font-style);--awb-caption-title-size:var(--h2_typography-font-size);--awb-caption-title-transform:var(--h2_typography-text-transform);--awb-caption-title-line-height:var(--h2_typography-line-height);--awb-caption-title-letter-spacing:var(--h2_typography-letter-spacing);\"><span class=\" fusion-imageframe imageframe-none imageframe-2 hover-type-none\"><img decoding=\"async\" width=\"102\" height=\"99\" title=\"energie02\" src=\"http:\/\/arial-industries.com\/wp-content\/uploads\/2015\/06\/energie02.png\" alt class=\"img-responsive wp-image-945\"\/><\/span><\/div><\/div><\/div><div class=\"fusion-clearfix\"><\/div><\/div><\/div><\/div><\/div><div class=\"fusion-fullwidth fullwidth-box fusion-builder-row-3 hide nonhundred-percent-fullwidth non-hundred-percent-height-scrolling fusion-equal-height-columns\" style=\"--awb-background-position:left top;--awb-border-radius-top-left:0px;--awb-border-radius-top-right:0px;--awb-border-radius-bottom-right:0px;--awb-border-radius-bottom-left:0px;--awb-padding-top:130px;--awb-padding-bottom:130px;--awb-border-sizes-top:0px;--awb-border-sizes-bottom:0px;--awb-flex-wrap:wrap;\" ><div class=\"fusion-builder-row fusion-row\"><div class=\"fusion-layout-column fusion_builder_column fusion-builder-column-4 fusion_builder_column_1_5 1_5 fusion-one-fifth fusion-column-first\" style=\"--awb-bg-size:cover;width:20%;width:calc(20% - ( ( 4% + 4% ) * 0.2 ) );margin-right: 4%;\"><div class=\"fusion-column-wrapper fusion-flex-column-wrapper-legacy\"><div class=\"fusion-clearfix\"><\/div><\/div><\/div><div class=\"fusion-layout-column fusion_builder_column fusion-builder-column-5 fusion_builder_column_1_5 1_5 fusion-one-fifth fusion-column-no-min-height\" style=\"--awb-bg-size:cover;width:20%;width:calc(20% - ( ( 4% + 4% ) * 0.2 ) );margin-right: 4%;\"><div class=\"fusion-column-wrapper fusion-flex-column-wrapper-legacy\"><div class=\"fusion-column-content-centered\"><div class=\"fusion-column-content\"><div class=\"fusion-image-element in-legacy-container\" style=\"--awb-caption-title-font-family:var(--h2_typography-font-family);--awb-caption-title-font-weight:var(--h2_typography-font-weight);--awb-caption-title-font-style:var(--h2_typography-font-style);--awb-caption-title-size:var(--h2_typography-font-size);--awb-caption-title-transform:var(--h2_typography-text-transform);--awb-caption-title-line-height:var(--h2_typography-line-height);--awb-caption-title-letter-spacing:var(--h2_typography-letter-spacing);\"><span class=\" fusion-imageframe imageframe-none imageframe-3 hover-type-zoomin fusion-animated\" data-animationType=\"fadeInDown\" data-animationDuration=\"1.0\" data-animationOffset=\"top-into-view\"><a href=\"http:\/\/arial-industries.com\/wp-content\/uploads\/2015\/06\/energie03.png\" class=\"fusion-lightbox\" data-rel=\"iLightbox[9170d454cc77aab0038]\" data-title=\"energie03\" title=\"energie03\"><img decoding=\"async\" width=\"141\" height=\"64\" src=\"http:\/\/arial-industries.com\/wp-content\/uploads\/2015\/06\/energie03.png\" alt class=\"img-responsive wp-image-946\"\/><\/a><\/span><\/div><\/div><\/div><div class=\"fusion-clearfix\"><\/div><\/div><\/div><div class=\"fusion-layout-column fusion_builder_column fusion-builder-column-6 fusion_builder_column_2_5 2_5 fusion-two-fifth fusion-column-last\" style=\"--awb-bg-size:cover;width:40%;width:calc(40% - ( ( 4% + 4% ) * 0.4 ) );\"><div class=\"fusion-column-wrapper fusion-flex-column-wrapper-legacy\"><div class=\"fusion-text fusion-text-4\"><p><u><b>Sch\u00e9matique: <\/b><\/u><\/p>\n<ul>\n<li>Sch\u00e9matique Electrique (SSD, CATIA, See Xp, Autocad)<\/li>\n<li>\u00ab\u00a0Cabling diagram\u00bb &\u00a0\u00bb one-line diagram\u00bb<\/li>\n<li>Sch\u00e9mas PID & PFD (see Topo, autocad)<\/li>\n<\/ul>\n<p>R\u00e9seaux m\u00e9canique, \u00e9lectrique\u00a0 et fluidiques<\/p>\n<\/div><div class=\"fusion-clearfix\"><\/div><\/div><\/div><\/div><\/div><div class=\"fusion-fullwidth fullwidth-box fusion-builder-row-4 nonhundred-percent-fullwidth non-hundred-percent-height-scrolling\" style=\"--awb-border-radius-top-left:0px;--awb-border-radius-top-right:0px;--awb-border-radius-bottom-right:0px;--awb-border-radius-bottom-left:0px;--awb-padding-top:20px;--awb-padding-bottom:20px;--awb-flex-wrap:wrap;\" ><div class=\"fusion-builder-row fusion-row\"><div class=\"fusion-layout-column fusion_builder_column fusion-builder-column-7 fusion_builder_column_1_1 1_1 fusion-one-full fusion-column-first fusion-column-last\" style=\"--awb-bg-size:cover;\"><div class=\"fusion-column-wrapper fusion-flex-column-wrapper-legacy\"><div class=\"fusion-text fusion-text-5\"><h3><strong><u>Energie <\/u><\/strong><\/h3>\n<p>ARIAL Industries est le partenaire de grands projets industriels dans le domaine de l\u2019\u00e9nergie :<\/p>\n<p>\u2013 Fission Nucl\u00e9aire<br \/>\n\u2013 Fusion Nucl\u00e9aire<br \/>\n\u2013 L\u2019O<em>il & Gas<\/em><br \/>\n<em>\u2013 Les \u00e9nergies renouvelables<\/em><\/p>\n<p>ARIAL Industries est notamment impliqu\u00e9 dans les projets d\u2019innovation et exp\u00e9rimentaux de la fusion nucl\u00e9aire avec un r\u00e9f\u00e9rencement sur les activit\u00e9s de support en ing\u00e9nierie pour ITER et F4E<\/p>\n<p><img decoding=\"async\" class=\"alignnone size-full wp-image-1041\" src=\"http:\/\/arial-industries.com\/wp-content\/uploads\/2017\/02\/iter-logo.jpg\" alt=\"iter-logo\" width=\"89\" height=\"55\" \/> <img decoding=\"async\" class=\"alignnone size-full wp-image-1039\" src=\"http:\/\/arial-industries.com\/wp-content\/uploads\/2017\/02\/fusion.jpg\" alt=\"fusion\" width=\"95\" height=\"43\" \/><\/p>\n<p>ARIAL s\u2019investit parall\u00e8lement dans le projet ELYSE.<\/p>\n<p>ELYSE est un bailleur de proc\u00e9d\u00e9s pour la construction d\u2019une usine pilote de retraitement des d\u00e9chets industriels par Incin\u00e9ration sous vide<br \/>\n<img decoding=\"async\" class=\"alignnone size-full wp-image-1065\" src=\"http:\/\/arial-industries.com\/wp-content\/uploads\/2015\/02\/logo-elyse.jpg\" alt=\"logo-elyse\" width=\"292\" height=\"163\" srcset=\"http:\/\/arial-industries.com\/wp-content\/uploads\/2015\/02\/logo-elyse-200x112.jpg 200w, http:\/\/arial-industries.com\/wp-content\/uploads\/2015\/02\/logo-elyse.jpg 292w\" sizes=\"(max-width: 292px) 100vw, 292px\" \/><\/p>\n<p>ARIAL dispose de comp\u00e9tences d\u00e9di\u00e9es au domaine de l\u2019\u00e9nergie en :<\/p>\n<ul>\n<li>Conception m\u00e9canique (CATIA V5, CREO, Autocad, Solidwork)<\/li>\n<li>Installation g\u00e9n\u00e9rale (Catia V5 Equipment & Systems, PDMS, PDS, REVIT, ISOGEN, Autocad)<\/li>\n<li>Calculs de structure (CODAP, ASME, CM66, EUROCODES, RCC-M\/MR)<\/li>\n<li>Sch\u00e9matique et P&ID (SEE Xp, SEE VISIO, SSD, AUTOCAD)<\/li>\n<li>Suivi de projet \/ suivi de chantier<\/li>\n<li>Outillages en Prestation Globale<\/li>\n<li>Maintenance<\/li>\n<li>Fabrication<\/li>\n<li>M\u00e9trologie et scan 3D<\/li>\n<\/ul>\n<p><img decoding=\"async\" class=\"pers-size alignnone size-full wp-image-1139\" src=\"http:\/\/arial-industries.com\/wp-content\/uploads\/2015\/06\/energie.jpg\" alt=\"Solar energy panels before a nuclear power plant and wind turbines at sunset\" width=\"1920\" height=\"1387\" \/><\/p>\n<\/div><div class=\"fusion-clearfix\"><\/div><\/div><\/div><\/div><\/div><\/p>\n","protected":false},"excerpt":{"rendered":"","protected":false},"author":1,"featured_media":0,"parent":0,"menu_order":0,"comment_status":"closed","ping_status":"open","template":"100-width.php","meta":[],"_links":{"self":[{"href":"http:\/\/arial-industries.com\/index.php\/wp-json\/wp\/v2\/pages\/555"}],"collection":[{"href":"http:\/\/arial-industries.com\/index.php\/wp-json\/wp\/v2\/pages"}],"about":[{"href":"http:\/\/arial-industries.com\/index.php\/wp-json\/wp\/v2\/types\/page"}],"author":[{"embeddable":true,"href":"http:\/\/arial-industries.com\/index.php\/wp-json\/wp\/v2\/users\/1"}],"replies":[{"embeddable":true,"href":"http:\/\/arial-industries.com\/index.php\/wp-json\/wp\/v2\/comments?post=555"}],"version-history":[{"count":12,"href":"http:\/\/arial-industries.com\/index.php\/wp-json\/wp\/v2\/pages\/555\/revisions"}],"predecessor-version":[{"id":1576,"href":"http:\/\/arial-industries.com\/index.php\/wp-json\/wp\/v2\/pages\/555\/revisions\/1576"}],"wp:attachment":[{"href":"http:\/\/arial-industries.com\/index.php\/wp-json\/wp\/v2\/media?parent=555"}],"curies":[{"name":"wp","href":"https:\/\/api.w.org\/{rel}","templated":true}]}}