{"id":13,"date":"2015-02-10T19:21:53","date_gmt":"2015-02-10T19:21:53","guid":{"rendered":"http:\/\/avada.theme-fusion.com_demos\/architecture\/?page_id=13"},"modified":"2019-06-20T20:59:24","modified_gmt":"2019-06-20T18:59:24","slug":"our-work","status":"publish","type":"page","link":"http:\/\/arial-industries.com\/index.php\/our-work","title":{"rendered":"Notre Offre"},"content":{"rendered":"<p><div class=\"fusion-fullwidth fullwidth-box fusion-builder-row-1 nonhundred-percent-fullwidth non-hundred-percent-height-scrolling\" style=\"--awb-border-radius-top-left:0px;--awb-border-radius-top-right:0px;--awb-border-radius-bottom-right:0px;--awb-border-radius-bottom-left:0px;--awb-flex-wrap:wrap;\" ><div class=\"fusion-builder-row fusion-row\"><div class=\"fusion-layout-column fusion_builder_column fusion-builder-column-0 fusion_builder_column_1_1 1_1 fusion-one-full fusion-column-first fusion-column-last\" style=\"--awb-bg-size:cover;\"><div class=\"fusion-column-wrapper fusion-column-has-shadow fusion-flex-column-wrapper-legacy\"><div class=\"fusion-title title fusion-title-1 fusion-sep-none fusion-title-center fusion-title-text fusion-title-size-two\" style=\"--awb-margin-top:40px;\"><h2 class=\"fusion-title-heading title-heading-center fusion-responsive-typography-calculated\" style=\"margin:0;--fontSize:48;line-height:1.25;\">Nos modes d\u2019intervention<\/h2><\/div><div class=\"fusion-clearfix\"><\/div><\/div><\/div><\/div><\/div><div class=\"fusion-fullwidth fullwidth-box fusion-builder-row-2 nonhundred-percent-fullwidth non-hundred-percent-height-scrolling fusion-equal-height-columns\" style=\"--awb-border-radius-top-left:0px;--awb-border-radius-top-right:0px;--awb-border-radius-bottom-right:0px;--awb-border-radius-bottom-left:0px;--awb-padding-top:20px;--awb-padding-bottom:20px;--awb-flex-wrap:wrap;\" ><div class=\"fusion-builder-row fusion-row\"><div class=\"fusion-layout-column fusion_builder_column fusion-builder-column-1 fusion_builder_column_1_1 1_1 fusion-one-full fusion-column-first fusion-column-last\" style=\"--awb-bg-size:cover;\"><div class=\"fusion-column-wrapper fusion-flex-column-wrapper-legacy\"><div class=\"fusion-column-content-centered\"><div class=\"fusion-column-content\"><div class=\"fusion-image-element in-legacy-container\" style=\"--awb-caption-title-font-family:var(--h2_typography-font-family);--awb-caption-title-font-weight:var(--h2_typography-font-weight);--awb-caption-title-font-style:var(--h2_typography-font-style);--awb-caption-title-size:var(--h2_typography-font-size);--awb-caption-title-transform:var(--h2_typography-text-transform);--awb-caption-title-line-height:var(--h2_typography-line-height);--awb-caption-title-letter-spacing:var(--h2_typography-letter-spacing);\"><span class=\" fusion-imageframe imageframe-none imageframe-1 hover-type-none\"><img decoding=\"async\" width=\"2000\" height=\"1250\" title=\"sch\u00e9ma[R\u00e9cup\u00e9r\u00e9]\" src=\"http:\/\/arial-industries.com\/wp-content\/uploads\/2015\/02\/sch\u00e9maR\u00e9cup\u00e9r\u00e9.jpg\" alt class=\"img-responsive wp-image-1017\" srcset=\"http:\/\/arial-industries.com\/wp-content\/uploads\/2015\/02\/sch\u00e9maR\u00e9cup\u00e9r\u00e9-200x125.jpg 200w, http:\/\/arial-industries.com\/wp-content\/uploads\/2015\/02\/sch\u00e9maR\u00e9cup\u00e9r\u00e9-400x250.jpg 400w, http:\/\/arial-industries.com\/wp-content\/uploads\/2015\/02\/sch\u00e9maR\u00e9cup\u00e9r\u00e9-600x375.jpg 600w, http:\/\/arial-industries.com\/wp-content\/uploads\/2015\/02\/sch\u00e9maR\u00e9cup\u00e9r\u00e9-800x500.jpg 800w, http:\/\/arial-industries.com\/wp-content\/uploads\/2015\/02\/sch\u00e9maR\u00e9cup\u00e9r\u00e9-1200x750.jpg 1200w, http:\/\/arial-industries.com\/wp-content\/uploads\/2015\/02\/sch\u00e9maR\u00e9cup\u00e9r\u00e9.jpg 2000w\" sizes=\"(max-width: 800px) 100vw, 2000px\" \/><\/span><\/div><\/div><\/div><div class=\"fusion-clearfix\"><\/div><\/div><\/div><\/div><\/div><\/p>\n","protected":false},"excerpt":{"rendered":"","protected":false},"author":1,"featured_media":0,"parent":0,"menu_order":0,"comment_status":"closed","ping_status":"open","template":"100-width.php","meta":[],"_links":{"self":[{"href":"http:\/\/arial-industries.com\/index.php\/wp-json\/wp\/v2\/pages\/13"}],"collection":[{"href":"http:\/\/arial-industries.com\/index.php\/wp-json\/wp\/v2\/pages"}],"about":[{"href":"http:\/\/arial-industries.com\/index.php\/wp-json\/wp\/v2\/types\/page"}],"author":[{"embeddable":true,"href":"http:\/\/arial-industries.com\/index.php\/wp-json\/wp\/v2\/users\/1"}],"replies":[{"embeddable":true,"href":"http:\/\/arial-industries.com\/index.php\/wp-json\/wp\/v2\/comments?post=13"}],"version-history":[{"count":25,"href":"http:\/\/arial-industries.com\/index.php\/wp-json\/wp\/v2\/pages\/13\/revisions"}],"predecessor-version":[{"id":2272,"href":"http:\/\/arial-industries.com\/index.php\/wp-json\/wp\/v2\/pages\/13\/revisions\/2272"}],"wp:attachment":[{"href":"http:\/\/arial-industries.com\/index.php\/wp-json\/wp\/v2\/media?parent=13"}],"curies":[{"name":"wp","href":"https:\/\/api.w.org\/{rel}","templated":true}]}}