{"id":1121,"date":"2017-04-12T11:31:48","date_gmt":"2017-04-12T09:31:48","guid":{"rendered":"http:\/\/arial-industries.com\/?page_id=1121"},"modified":"2017-04-12T11:37:42","modified_gmt":"2017-04-12T09:37:42","slug":"mentions-legales","status":"publish","type":"page","link":"http:\/\/arial-industries.com\/index.php\/mentions-legales","title":{"rendered":"Mentions l\u00e9gales"},"content":{"rendered":"<div class=\"fusion-fullwidth fullwidth-box fusion-builder-row-1 nonhundred-percent-fullwidth non-hundred-percent-height-scrolling\" style=\"--awb-border-radius-top-left:0px;--awb-border-radius-top-right:0px;--awb-border-radius-bottom-right:0px;--awb-border-radius-bottom-left:0px;--awb-padding-top:20px;--awb-padding-bottom:20px;--awb-flex-wrap:wrap;\" ><div class=\"fusion-builder-row fusion-row\"><div class=\"fusion-layout-column fusion_builder_column fusion-builder-column-0 fusion_builder_column_1_1 1_1 fusion-one-full fusion-column-first fusion-column-last\" style=\"--awb-bg-size:cover;\"><div class=\"fusion-column-wrapper fusion-flex-column-wrapper-legacy\"><div class=\"fusion-text fusion-text-1\"><h3>Mentions l\u00e9gales<\/h3>\n<p>Le site <a href=\"http:\/\/www.arial-industries.com\">www.arial-industries.com<\/a> est \u00e9dit\u00e9 par la Soci\u00e9t\u00e9 <strong>ARIAL Industries PACA<\/strong><br \/>\nSi\u00e8ge social : 1140 rue Amp\u00e8re 13851 Aix en Provence<br \/>\nRCS d\u2019Aix en Provence SIRET : XXXXXXXXXXXX<br \/>\nTel :04.42.99.08.96<br \/>\nContact : <a href=\"secretrariat@arial-industries.com\">secretrariat@arial-industries.com<\/a><\/p>\n<p>D\u00e9veloppement technique et graphique: hedra selection <a href=\"http:\/\/www.hedraslection.io\">www.hedraslection.io<\/a><br \/>\nH\u00e9bergement : OVH www.ovh.net<\/p>\n<p>\u00a0<\/p>\n<\/div><div class=\"fusion-clearfix\"><\/div><\/div><\/div><\/div><\/div>\n","protected":false},"excerpt":{"rendered":"","protected":false},"author":1,"featured_media":0,"parent":0,"menu_order":0,"comment_status":"closed","ping_status":"closed","template":"","meta":[],"_links":{"self":[{"href":"http:\/\/arial-industries.com\/index.php\/wp-json\/wp\/v2\/pages\/1121"}],"collection":[{"href":"http:\/\/arial-industries.com\/index.php\/wp-json\/wp\/v2\/pages"}],"about":[{"href":"http:\/\/arial-industries.com\/index.php\/wp-json\/wp\/v2\/types\/page"}],"author":[{"embeddable":true,"href":"http:\/\/arial-industries.com\/index.php\/wp-json\/wp\/v2\/users\/1"}],"replies":[{"embeddable":true,"href":"http:\/\/arial-industries.com\/index.php\/wp-json\/wp\/v2\/comments?post=1121"}],"version-history":[{"count":3,"href":"http:\/\/arial-industries.com\/index.php\/wp-json\/wp\/v2\/pages\/1121\/revisions"}],"predecessor-version":[{"id":1126,"href":"http:\/\/arial-industries.com\/index.php\/wp-json\/wp\/v2\/pages\/1121\/revisions\/1126"}],"wp:attachment":[{"href":"http:\/\/arial-industries.com\/index.php\/wp-json\/wp\/v2\/media?parent=1121"}],"curies":[{"name":"wp","href":"https:\/\/api.w.org\/{rel}","templated":true}]}}